{"id":371604,"date":"2024-10-28T18:46:28","date_gmt":"2024-10-28T18:46:28","guid":{"rendered":"https:\/\/irankiuzona.lt\/product\/smeliasrove-su-bakeliu-1l\/"},"modified":"2026-05-16T23:02:02","modified_gmt":"2026-05-16T23:02:02","slug":"smeliasrove-su-bakeliu-1l","status":"publish","type":"product","link":"https:\/\/irankiuzona.lt\/ru\/product\/smeliasrove-su-bakeliu-1l\/","title":{"rendered":"Sm\u0117liasrov\u0117 su bakeliu 1L"},"content":{"rendered":"<p>darbinis sl\u0117gis: 2 &#8211; 5 baraimaksimalus sl\u0117gis 8 baraioro s\u0105naudos 160 L \/ minaliuminio bakas, kurio talpa 1L1\/4 &quot;oro jungtis<\/p>","protected":false},"excerpt":{"rendered":"<p>Sm\u0117liasrov\u0117 su bakeliu 1L<\/p>","protected":false},"featured_media":371606,"comment_status":"open","ping_status":"open","template":"","meta":[],"product_cat":[10000],"product_tag":[9646],"class_list":{"0":"post-371604","1":"product","2":"type-product","3":"status-publish","4":"has-post-thumbnail","6":"product_brand-drel-lenkija","7":"product_cat-pneumatiniai-irankiai","8":"product_tag-drel-lenkija","10":"first","11":"instock","12":"purchasable","13":"product-type-simple"},"jetpack_sharing_enabled":true,"_links":{"self":[{"href":"https:\/\/irankiuzona.lt\/ru\/wp-json\/wp\/v2\/product\/371604","targetHints":{"allow":["GET"]}}],"collection":[{"href":"https:\/\/irankiuzona.lt\/ru\/wp-json\/wp\/v2\/product"}],"about":[{"href":"https:\/\/irankiuzona.lt\/ru\/wp-json\/wp\/v2\/types\/product"}],"replies":[{"embeddable":true,"href":"https:\/\/irankiuzona.lt\/ru\/wp-json\/wp\/v2\/comments?post=371604"}],"version-history":[{"count":1,"href":"https:\/\/irankiuzona.lt\/ru\/wp-json\/wp\/v2\/product\/371604\/revisions"}],"predecessor-version":[{"id":425504,"href":"https:\/\/irankiuzona.lt\/ru\/wp-json\/wp\/v2\/product\/371604\/revisions\/425504"}],"wp:featuredmedia":[{"embeddable":true,"href":"https:\/\/irankiuzona.lt\/ru\/wp-json\/wp\/v2\/media\/371606"}],"wp:attachment":[{"href":"https:\/\/irankiuzona.lt\/ru\/wp-json\/wp\/v2\/media?parent=371604"}],"wp:term":[{"taxonomy":"product_cat","embeddable":true,"href":"https:\/\/irankiuzona.lt\/ru\/wp-json\/wp\/v2\/product_cat?post=371604"},{"taxonomy":"product_tag","embeddable":true,"href":"https:\/\/irankiuzona.lt\/ru\/wp-json\/wp\/v2\/product_tag?post=371604"}],"curies":[{"name":"wp","href":"https:\/\/api.w.org\/{rel}","templated":true}]}}