{"id":371663,"date":"2024-10-28T18:47:12","date_gmt":"2024-10-28T18:47:12","guid":{"rendered":"https:\/\/irankiuzona.lt\/product\/pneumatinis-purkstuku-iskalimo-rinkinys-2\/"},"modified":"2026-04-13T18:59:54","modified_gmt":"2026-04-13T18:59:54","slug":"pneumatinis-purkstuku-iskalimo-rinkinys-2","status":"publish","type":"product","link":"https:\/\/irankiuzona.lt\/ru\/product\/pneumatinis-purkstuku-iskalimo-rinkinys-2\/","title":{"rendered":"Pneumatinis purk\u0161tuk\u0173 i\u0161kalimo rinkinys"},"content":{"rendered":"<p>Sukurta 99 % rinkoje esan\u010di\u0173 purk\u0161tuk\u0173: Bosch, Delphi, Denso, Siemens ir sriegin\u0117ms jungtims<\/p>","protected":false},"excerpt":{"rendered":"<p>Pneumatinis purk\u0161tuk\u0173 i\u0161kalimo rinkinys<\/p>","protected":false},"featured_media":338614,"comment_status":"open","ping_status":"open","template":"","meta":[],"product_cat":[9701],"product_tag":[9435],"class_list":{"0":"post-371663","1":"product","2":"type-product","3":"status-publish","4":"has-post-thumbnail","6":"product_brand-kinija","7":"product_cat-purkstuku-istraukimui","8":"product_tag-kinija","10":"first","11":"outofstock","12":"purchasable","13":"product-type-simple"},"jetpack_sharing_enabled":true,"_links":{"self":[{"href":"https:\/\/irankiuzona.lt\/ru\/wp-json\/wp\/v2\/product\/371663","targetHints":{"allow":["GET"]}}],"collection":[{"href":"https:\/\/irankiuzona.lt\/ru\/wp-json\/wp\/v2\/product"}],"about":[{"href":"https:\/\/irankiuzona.lt\/ru\/wp-json\/wp\/v2\/types\/product"}],"replies":[{"embeddable":true,"href":"https:\/\/irankiuzona.lt\/ru\/wp-json\/wp\/v2\/comments?post=371663"}],"version-history":[{"count":1,"href":"https:\/\/irankiuzona.lt\/ru\/wp-json\/wp\/v2\/product\/371663\/revisions"}],"predecessor-version":[{"id":425547,"href":"https:\/\/irankiuzona.lt\/ru\/wp-json\/wp\/v2\/product\/371663\/revisions\/425547"}],"wp:featuredmedia":[{"embeddable":true,"href":"https:\/\/irankiuzona.lt\/ru\/wp-json\/wp\/v2\/media\/338614"}],"wp:attachment":[{"href":"https:\/\/irankiuzona.lt\/ru\/wp-json\/wp\/v2\/media?parent=371663"}],"wp:term":[{"taxonomy":"product_cat","embeddable":true,"href":"https:\/\/irankiuzona.lt\/ru\/wp-json\/wp\/v2\/product_cat?post=371663"},{"taxonomy":"product_tag","embeddable":true,"href":"https:\/\/irankiuzona.lt\/ru\/wp-json\/wp\/v2\/product_tag?post=371663"}],"curies":[{"name":"wp","href":"https:\/\/api.w.org\/{rel}","templated":true}]}}