{"id":371665,"date":"2024-10-28T18:47:25","date_gmt":"2024-10-28T18:47:25","guid":{"rendered":"https:\/\/irankiuzona.lt\/product\/galvute-purkstukams-sunkvezimiams-mercedes-benz\/"},"modified":"2026-04-11T08:56:46","modified_gmt":"2026-04-11T08:56:46","slug":"galvute-purkstukams-sunkvezimiams-mercedes-benz","status":"publish","type":"product","link":"https:\/\/irankiuzona.lt\/ru\/product\/galvute-purkstukams-sunkvezimiams-mercedes-benz\/","title":{"rendered":"Galvut\u0117 purk\u0161tukams sunkve\u017eimiams Mercedes-Benz"},"content":{"rendered":"<p>Mercedes-Benz<\/p>","protected":false},"excerpt":{"rendered":"<p>Galvut\u0117 purk\u0161tukams sunkve\u017eimiams Mercedes-Benz<\/p>","protected":false},"featured_media":371667,"comment_status":"open","ping_status":"open","template":"","meta":[],"product_cat":[9633],"product_tag":[10151],"class_list":{"0":"post-371665","1":"product","2":"type-product","3":"status-publish","4":"has-post-thumbnail","6":"product_brand-lenkija-tiekejas","7":"product_cat-galvutes-purkstukams","8":"product_tag-lenkija-tiekejas","10":"first","11":"instock","12":"purchasable","13":"product-type-simple"},"jetpack_sharing_enabled":true,"_links":{"self":[{"href":"https:\/\/irankiuzona.lt\/ru\/wp-json\/wp\/v2\/product\/371665","targetHints":{"allow":["GET"]}}],"collection":[{"href":"https:\/\/irankiuzona.lt\/ru\/wp-json\/wp\/v2\/product"}],"about":[{"href":"https:\/\/irankiuzona.lt\/ru\/wp-json\/wp\/v2\/types\/product"}],"replies":[{"embeddable":true,"href":"https:\/\/irankiuzona.lt\/ru\/wp-json\/wp\/v2\/comments?post=371665"}],"version-history":[{"count":1,"href":"https:\/\/irankiuzona.lt\/ru\/wp-json\/wp\/v2\/product\/371665\/revisions"}],"predecessor-version":[{"id":425574,"href":"https:\/\/irankiuzona.lt\/ru\/wp-json\/wp\/v2\/product\/371665\/revisions\/425574"}],"wp:featuredmedia":[{"embeddable":true,"href":"https:\/\/irankiuzona.lt\/ru\/wp-json\/wp\/v2\/media\/371667"}],"wp:attachment":[{"href":"https:\/\/irankiuzona.lt\/ru\/wp-json\/wp\/v2\/media?parent=371665"}],"wp:term":[{"taxonomy":"product_cat","embeddable":true,"href":"https:\/\/irankiuzona.lt\/ru\/wp-json\/wp\/v2\/product_cat?post=371665"},{"taxonomy":"product_tag","embeddable":true,"href":"https:\/\/irankiuzona.lt\/ru\/wp-json\/wp\/v2\/product_tag?post=371665"}],"curies":[{"name":"wp","href":"https:\/\/api.w.org\/{rel}","templated":true}]}}