{"id":371676,"date":"2024-10-28T18:47:57","date_gmt":"2024-10-28T18:47:57","guid":{"rendered":"https:\/\/irankiuzona.lt\/product\/ikraunamu-galvos-ir-dirbtuviu-zibintu-komplektas-900lm\/"},"modified":"2026-04-15T11:14:26","modified_gmt":"2026-04-15T11:14:26","slug":"ikraunamu-galvos-ir-dirbtuviu-zibintu-komplektas-900lm","status":"publish","type":"product","link":"https:\/\/irankiuzona.lt\/ru\/product\/ikraunamu-galvos-ir-dirbtuviu-zibintu-komplektas-900lm\/","title":{"rendered":"\u012ekraunam\u0173 galvos ir dirbtuvi\u0173 \u017eibint\u0173 komplektas 900lm"},"content":{"rendered":"<p>\u017dibintuv\u0117lis ant galvos\u0160viesos \u0161altinis: COB LED, raudonas LED\u0160viesos srautas: iki 900 lm (pagal ANSI FL1)Diapazonas: iki 90 mVeikimo re\u017eimai:Auk\u0161tas 900lm &#8211; 1h 30min.Vidutinis 500lm &#8211; 3h\u017demas 100lm &#8211; 9hStroboskopasCOB LED High 100lm &#8211; 10hCOB LED Low 50lm &#8211; 15hMirksi raudonas LEDMaitinimas: Li-Poly 3.7V 1200mAh baterijaAkumuliatoriaus \u012fkrovimo laikas: 2h 30min. &#8211; 3h 30min.\u012ekrovimo prievadas: USB-C 5V 1A (maks.)Matmenys: 64,5 x 43,3 x 40 mmSvoris: 90,5g<br \/>\nDarbo lempa\u0160viesos \u0161altinis: COB LED\u0160viesos srautas: iki 500 lm (pagal ANSI FL1)Diapazonas: iki 25mVeikimo re\u017eimai:Auk\u0161tas 500lm &#8211; 4hVidutinis 250lm -8h\u017demas 125lm &#8211; 16hMaitinimas: Li-ION 3.7V 3600mAh baterijaAkumuliatoriaus \u012fkrovimo laikas: 2h 30min. &#8211; 3h 30min.\u012ekrovimo prievadas: USB-C 5V 1A (maks.)Matmenys: 111 x 61 x 35 mm<\/p>","protected":false},"excerpt":{"rendered":"<p>\u012ekraunam\u0173 galvos ir dirbtuvi\u0173 \u017eibint\u0173 komplektas 900lm<\/p>","protected":false},"featured_media":371678,"comment_status":"open","ping_status":"open","template":"","meta":[],"product_cat":[9854],"product_tag":[10151],"class_list":{"0":"post-371676","1":"product","2":"type-product","3":"status-publish","4":"has-post-thumbnail","6":"product_brand-lenkija-tiekejas","7":"product_cat-lempos-ikraunamos","8":"product_tag-lenkija-tiekejas","10":"first","11":"outofstock","12":"purchasable","13":"product-type-simple"},"jetpack_sharing_enabled":true,"_links":{"self":[{"href":"https:\/\/irankiuzona.lt\/ru\/wp-json\/wp\/v2\/product\/371676","targetHints":{"allow":["GET"]}}],"collection":[{"href":"https:\/\/irankiuzona.lt\/ru\/wp-json\/wp\/v2\/product"}],"about":[{"href":"https:\/\/irankiuzona.lt\/ru\/wp-json\/wp\/v2\/types\/product"}],"replies":[{"embeddable":true,"href":"https:\/\/irankiuzona.lt\/ru\/wp-json\/wp\/v2\/comments?post=371676"}],"version-history":[{"count":1,"href":"https:\/\/irankiuzona.lt\/ru\/wp-json\/wp\/v2\/product\/371676\/revisions"}],"predecessor-version":[{"id":425633,"href":"https:\/\/irankiuzona.lt\/ru\/wp-json\/wp\/v2\/product\/371676\/revisions\/425633"}],"wp:featuredmedia":[{"embeddable":true,"href":"https:\/\/irankiuzona.lt\/ru\/wp-json\/wp\/v2\/media\/371678"}],"wp:attachment":[{"href":"https:\/\/irankiuzona.lt\/ru\/wp-json\/wp\/v2\/media?parent=371676"}],"wp:term":[{"taxonomy":"product_cat","embeddable":true,"href":"https:\/\/irankiuzona.lt\/ru\/wp-json\/wp\/v2\/product_cat?post=371676"},{"taxonomy":"product_tag","embeddable":true,"href":"https:\/\/irankiuzona.lt\/ru\/wp-json\/wp\/v2\/product_tag?post=371676"}],"curies":[{"name":"wp","href":"https:\/\/api.w.org\/{rel}","templated":true}]}}