{"id":371691,"date":"2024-10-28T18:48:28","date_gmt":"2024-10-28T18:48:28","guid":{"rendered":"https:\/\/irankiuzona.lt\/product\/purkstuku-montavimo-irankiai-bmw-b38-b48\/"},"modified":"2026-04-15T03:36:49","modified_gmt":"2026-04-15T03:36:49","slug":"purkstuku-montavimo-irankiai-bmw-b38-b48","status":"publish","type":"product","link":"https:\/\/irankiuzona.lt\/ru\/product\/purkstuku-montavimo-irankiai-bmw-b38-b48\/","title":{"rendered":"Purk\u0161tuk\u0173 montavimo \u012frankiai BMW B38 \/ B48"},"content":{"rendered":"<p>B38 (1.2L; 1.5L), B48 (2L), B58 (3L).<br \/>\nB38:<br \/>\n2015- BMW F45\/F46 216i Active Tourer \/ Gran Tourer2015- BMW F20\/F21 116i2015- BMW F20\/F21 118i2015- BMW F22\/F23 218i coupe \/ convertible2014- BMW F45\/F46 218i Active Tourer \/ Gran Tour er2015- BMW F30\/F31 318i2015- BMW F48 X1 sDrive18i2014- F55\/F56 Mini Cooper2015- F54 Mini Clubman2017- F60 Mini CountrymanB48:<br \/>\n2014- F56 Mini Cooper S2015- BMW F22 220i2016- BMW F48 X1 20i2014- F56 Mini JCW Hardtop2017- F56 Mini JCW Clubman2015- BMW F22 225i2016- BMW F48 X1 28i2015- BMW F30 330i2016- BMW G3 0 530i2016- BMW G11 730i\/730Li<\/p>","protected":false},"excerpt":{"rendered":"<p>Purk\u0161tuk\u0173 montavimo \u012frankiai BMW B38 \/ B48<\/p>","protected":false},"featured_media":371693,"comment_status":"open","ping_status":"closed","template":"","meta":[],"product_cat":[9701],"product_tag":[10130],"class_list":{"0":"post-371691","1":"product","2":"type-product","3":"status-publish","4":"has-post-thumbnail","6":"product_brand-satra-lenkija","7":"product_cat-purkstuku-istraukimui","8":"product_tag-satra-lenkija","10":"first","11":"instock","12":"purchasable","13":"product-type-simple"},"jetpack_sharing_enabled":true,"_links":{"self":[{"href":"https:\/\/irankiuzona.lt\/ru\/wp-json\/wp\/v2\/product\/371691","targetHints":{"allow":["GET"]}}],"collection":[{"href":"https:\/\/irankiuzona.lt\/ru\/wp-json\/wp\/v2\/product"}],"about":[{"href":"https:\/\/irankiuzona.lt\/ru\/wp-json\/wp\/v2\/types\/product"}],"replies":[{"embeddable":true,"href":"https:\/\/irankiuzona.lt\/ru\/wp-json\/wp\/v2\/comments?post=371691"}],"version-history":[{"count":1,"href":"https:\/\/irankiuzona.lt\/ru\/wp-json\/wp\/v2\/product\/371691\/revisions"}],"predecessor-version":[{"id":425640,"href":"https:\/\/irankiuzona.lt\/ru\/wp-json\/wp\/v2\/product\/371691\/revisions\/425640"}],"wp:featuredmedia":[{"embeddable":true,"href":"https:\/\/irankiuzona.lt\/ru\/wp-json\/wp\/v2\/media\/371693"}],"wp:attachment":[{"href":"https:\/\/irankiuzona.lt\/ru\/wp-json\/wp\/v2\/media?parent=371691"}],"wp:term":[{"taxonomy":"product_cat","embeddable":true,"href":"https:\/\/irankiuzona.lt\/ru\/wp-json\/wp\/v2\/product_cat?post=371691"},{"taxonomy":"product_tag","embeddable":true,"href":"https:\/\/irankiuzona.lt\/ru\/wp-json\/wp\/v2\/product_tag?post=371691"}],"curies":[{"name":"wp","href":"https:\/\/api.w.org\/{rel}","templated":true}]}}