{"id":371706,"date":"2024-10-28T18:49:09","date_gmt":"2024-10-28T18:49:09","guid":{"rendered":"https:\/\/irankiuzona.lt\/product\/stabdziu-sistemos-nuorinimo-komplektas-6-daliu-2\/"},"modified":"2026-04-13T02:05:34","modified_gmt":"2026-04-13T02:05:34","slug":"stabdziu-sistemos-nuorinimo-komplektas-6-daliu-2","status":"publish","type":"product","link":"https:\/\/irankiuzona.lt\/ru\/product\/stabdziu-sistemos-nuorinimo-komplektas-6-daliu-2\/","title":{"rendered":"Stabd\u017ei\u0173 sistemos nuorinimo komplektas 6 dali\u0173"},"content":{"rendered":"<p>Permatomas vamzdis su vienpusiu vo\u017etuvu naudojamas stabd\u017ei\u0173 skys\u010diui i\u0161leisti nuleidimo proceso metu ir vizualiai j\u012f ap\u017ei\u016br\u0117ti.<br \/>\nVer\u017eliarak\u010di\u0173 dyd\u017eiai: 7, 8, 9, 10, 11, 12 mm<\/p>","protected":false},"excerpt":{"rendered":"<p>Stabd\u017ei\u0173 sistemos nuorinimo komplektas 6 dali\u0173<\/p>","protected":false},"featured_media":371708,"comment_status":"open","ping_status":"open","template":"","meta":[],"product_cat":[9534],"product_tag":[10130],"class_list":{"0":"post-371706","1":"product","2":"type-product","3":"status-publish","4":"has-post-thumbnail","6":"product_brand-satra-lenkija","7":"product_cat-stabdziu-remonto-nuorinimo-irankiai","8":"product_tag-satra-lenkija","10":"first","11":"instock","12":"purchasable","13":"product-type-simple"},"jetpack_sharing_enabled":true,"_links":{"self":[{"href":"https:\/\/irankiuzona.lt\/ru\/wp-json\/wp\/v2\/product\/371706","targetHints":{"allow":["GET"]}}],"collection":[{"href":"https:\/\/irankiuzona.lt\/ru\/wp-json\/wp\/v2\/product"}],"about":[{"href":"https:\/\/irankiuzona.lt\/ru\/wp-json\/wp\/v2\/types\/product"}],"replies":[{"embeddable":true,"href":"https:\/\/irankiuzona.lt\/ru\/wp-json\/wp\/v2\/comments?post=371706"}],"version-history":[{"count":1,"href":"https:\/\/irankiuzona.lt\/ru\/wp-json\/wp\/v2\/product\/371706\/revisions"}],"predecessor-version":[{"id":425648,"href":"https:\/\/irankiuzona.lt\/ru\/wp-json\/wp\/v2\/product\/371706\/revisions\/425648"}],"wp:featuredmedia":[{"embeddable":true,"href":"https:\/\/irankiuzona.lt\/ru\/wp-json\/wp\/v2\/media\/371708"}],"wp:attachment":[{"href":"https:\/\/irankiuzona.lt\/ru\/wp-json\/wp\/v2\/media?parent=371706"}],"wp:term":[{"taxonomy":"product_cat","embeddable":true,"href":"https:\/\/irankiuzona.lt\/ru\/wp-json\/wp\/v2\/product_cat?post=371706"},{"taxonomy":"product_tag","embeddable":true,"href":"https:\/\/irankiuzona.lt\/ru\/wp-json\/wp\/v2\/product_tag?post=371706"}],"curies":[{"name":"wp","href":"https:\/\/api.w.org\/{rel}","templated":true}]}}