{"id":371709,"date":"2024-10-28T18:49:15","date_gmt":"2024-10-28T18:49:15","guid":{"rendered":"https:\/\/irankiuzona.lt\/product\/irankiai-stiklo-remontui-dekle-7vnt\/"},"modified":"2026-04-13T00:25:54","modified_gmt":"2026-04-13T00:25:54","slug":"irankiai-stiklo-remontui-dekle-7vnt","status":"publish","type":"product","link":"https:\/\/irankiuzona.lt\/ru\/product\/irankiai-stiklo-remontui-dekle-7vnt\/","title":{"rendered":"\u012erankiai stiklo remontui d\u0117kle 7vnt."},"content":{"rendered":"<p>Komplekte yra:Viela su riteVielos su\u0117mimo rankena (2 vnt.)Vielos prav\u0117rimo \u012frankisApdailos laikikli\u0173 nu\u0117miklisDvipusis peilisRankena su peiliu<\/p>","protected":false},"excerpt":{"rendered":"<p>\u012erankiai stiklo remontui d\u0117kle 7vnt.<\/p>","protected":false},"featured_media":371711,"comment_status":"open","ping_status":"open","template":"","meta":[],"product_cat":[9692],"product_tag":[10151],"class_list":{"0":"post-371709","1":"product","2":"type-product","3":"status-publish","4":"has-post-thumbnail","6":"product_brand-lenkija-tiekejas","7":"product_cat-stiklu-ispjovimui","8":"product_tag-lenkija-tiekejas","10":"first","11":"outofstock","12":"purchasable","13":"product-type-simple"},"jetpack_sharing_enabled":true,"_links":{"self":[{"href":"https:\/\/irankiuzona.lt\/ru\/wp-json\/wp\/v2\/product\/371709","targetHints":{"allow":["GET"]}}],"collection":[{"href":"https:\/\/irankiuzona.lt\/ru\/wp-json\/wp\/v2\/product"}],"about":[{"href":"https:\/\/irankiuzona.lt\/ru\/wp-json\/wp\/v2\/types\/product"}],"replies":[{"embeddable":true,"href":"https:\/\/irankiuzona.lt\/ru\/wp-json\/wp\/v2\/comments?post=371709"}],"version-history":[{"count":1,"href":"https:\/\/irankiuzona.lt\/ru\/wp-json\/wp\/v2\/product\/371709\/revisions"}],"predecessor-version":[{"id":425649,"href":"https:\/\/irankiuzona.lt\/ru\/wp-json\/wp\/v2\/product\/371709\/revisions\/425649"}],"wp:featuredmedia":[{"embeddable":true,"href":"https:\/\/irankiuzona.lt\/ru\/wp-json\/wp\/v2\/media\/371711"}],"wp:attachment":[{"href":"https:\/\/irankiuzona.lt\/ru\/wp-json\/wp\/v2\/media?parent=371709"}],"wp:term":[{"taxonomy":"product_cat","embeddable":true,"href":"https:\/\/irankiuzona.lt\/ru\/wp-json\/wp\/v2\/product_cat?post=371709"},{"taxonomy":"product_tag","embeddable":true,"href":"https:\/\/irankiuzona.lt\/ru\/wp-json\/wp\/v2\/product_tag?post=371709"}],"curies":[{"name":"wp","href":"https:\/\/api.w.org\/{rel}","templated":true}]}}