{"id":371757,"date":"2024-10-28T18:50:20","date_gmt":"2024-10-28T18:50:20","guid":{"rendered":"https:\/\/irankiuzona.lt\/product\/montavimo-pasta-padangoms-5kg-melyna\/"},"modified":"2026-04-15T08:39:47","modified_gmt":"2026-04-15T08:39:47","slug":"montavimo-pasta-padangoms-5kg-melyna","status":"publish","type":"product","link":"https:\/\/irankiuzona.lt\/ru\/product\/montavimo-pasta-padangoms-5kg-melyna\/","title":{"rendered":"Montavimo pasta padangoms 5kg m\u0117lyna"},"content":{"rendered":"<p>Spalva M\u0117lyna Darbin\u0117 temperat\u016bra iki -15\u00b0C Pastos pagrindas nat\u016bralus, ekologi\u0161kai skaidus<\/p>","protected":false},"excerpt":{"rendered":"<p>Padang\u0173 montavimo pasta 5kg m\u0117lyna (SUPER WAX)<\/p>","protected":false},"featured_media":371759,"comment_status":"open","ping_status":"open","template":"","meta":[],"product_cat":[9924],"product_tag":[],"class_list":{"0":"post-371757","1":"product","2":"type-product","3":"status-publish","4":"has-post-thumbnail","6":"product_cat-padangu-remonto-chemija","8":"first","9":"instock","10":"purchasable","11":"product-type-simple"},"jetpack_sharing_enabled":true,"_links":{"self":[{"href":"https:\/\/irankiuzona.lt\/ru\/wp-json\/wp\/v2\/product\/371757","targetHints":{"allow":["GET"]}}],"collection":[{"href":"https:\/\/irankiuzona.lt\/ru\/wp-json\/wp\/v2\/product"}],"about":[{"href":"https:\/\/irankiuzona.lt\/ru\/wp-json\/wp\/v2\/types\/product"}],"replies":[{"embeddable":true,"href":"https:\/\/irankiuzona.lt\/ru\/wp-json\/wp\/v2\/comments?post=371757"}],"version-history":[{"count":1,"href":"https:\/\/irankiuzona.lt\/ru\/wp-json\/wp\/v2\/product\/371757\/revisions"}],"predecessor-version":[{"id":425678,"href":"https:\/\/irankiuzona.lt\/ru\/wp-json\/wp\/v2\/product\/371757\/revisions\/425678"}],"wp:featuredmedia":[{"embeddable":true,"href":"https:\/\/irankiuzona.lt\/ru\/wp-json\/wp\/v2\/media\/371759"}],"wp:attachment":[{"href":"https:\/\/irankiuzona.lt\/ru\/wp-json\/wp\/v2\/media?parent=371757"}],"wp:term":[{"taxonomy":"product_cat","embeddable":true,"href":"https:\/\/irankiuzona.lt\/ru\/wp-json\/wp\/v2\/product_cat?post=371757"},{"taxonomy":"product_tag","embeddable":true,"href":"https:\/\/irankiuzona.lt\/ru\/wp-json\/wp\/v2\/product_tag?post=371757"}],"curies":[{"name":"wp","href":"https:\/\/api.w.org\/{rel}","templated":true}]}}