{"id":371760,"date":"2024-10-28T18:50:21","date_gmt":"2024-10-28T18:50:21","guid":{"rendered":"https:\/\/irankiuzona.lt\/product\/prozektorius-brennenstuhl-pl-200lm-ac-1x045-ah\/"},"modified":"2026-02-20T16:50:23","modified_gmt":"2026-02-20T16:50:23","slug":"prozektorius-brennenstuhl-pl-200lm-ac-1x045-ah","status":"publish","type":"product","link":"https:\/\/irankiuzona.lt\/ru\/product\/prozektorius-brennenstuhl-pl-200lm-ac-1x045-ah\/","title":{"rendered":"Pro\u017eektorius Brennenstuhl PL 200lm AC 1&#215;0,45 Ah"},"content":{"rendered":"<p>\u0160viestuvas su tin ry\u0161kiu COB LED, veikimo trukm\u0117 iki 12 valand\u0173. Funkcijos 100 % &#8211; 40 % &#8211; 10 % &#8211; raudona \u0161viesa &#8211; raudona mirksinti \u0161viesa. Su prakti\u0161ku segtuku ir korpuse integruotu magnetu. Integruota Li-Pol baterija 3,7 V\/450 mAh su \u012fkrovimo indikatoriumi. Komplekte USB \u012fkrovimo laidas.<\/p>","protected":false},"excerpt":{"rendered":"<p>Pro\u017eektorius Brennenstuhl PL 200lm AC 1&#215;0,45 Ah<\/p>","protected":false},"featured_media":371762,"comment_status":"open","ping_status":"open","template":"","meta":[],"product_cat":[9854],"product_tag":[9906],"class_list":{"0":"post-371760","1":"product","2":"type-product","3":"status-publish","4":"has-post-thumbnail","6":"product_brand-brennenstuhl-vokietija","7":"product_cat-lempos-ikraunamos","8":"product_tag-brennenstuhl-vokietija","10":"first","11":"outofstock","12":"purchasable","13":"product-type-simple"},"jetpack_sharing_enabled":true,"_links":{"self":[{"href":"https:\/\/irankiuzona.lt\/ru\/wp-json\/wp\/v2\/product\/371760","targetHints":{"allow":["GET"]}}],"collection":[{"href":"https:\/\/irankiuzona.lt\/ru\/wp-json\/wp\/v2\/product"}],"about":[{"href":"https:\/\/irankiuzona.lt\/ru\/wp-json\/wp\/v2\/types\/product"}],"replies":[{"embeddable":true,"href":"https:\/\/irankiuzona.lt\/ru\/wp-json\/wp\/v2\/comments?post=371760"}],"version-history":[{"count":1,"href":"https:\/\/irankiuzona.lt\/ru\/wp-json\/wp\/v2\/product\/371760\/revisions"}],"predecessor-version":[{"id":425679,"href":"https:\/\/irankiuzona.lt\/ru\/wp-json\/wp\/v2\/product\/371760\/revisions\/425679"}],"wp:featuredmedia":[{"embeddable":true,"href":"https:\/\/irankiuzona.lt\/ru\/wp-json\/wp\/v2\/media\/371762"}],"wp:attachment":[{"href":"https:\/\/irankiuzona.lt\/ru\/wp-json\/wp\/v2\/media?parent=371760"}],"wp:term":[{"taxonomy":"product_cat","embeddable":true,"href":"https:\/\/irankiuzona.lt\/ru\/wp-json\/wp\/v2\/product_cat?post=371760"},{"taxonomy":"product_tag","embeddable":true,"href":"https:\/\/irankiuzona.lt\/ru\/wp-json\/wp\/v2\/product_tag?post=371760"}],"curies":[{"name":"wp","href":"https:\/\/api.w.org\/{rel}","templated":true}]}}