{"id":371799,"date":"2024-10-28T18:50:54","date_gmt":"2024-10-28T18:50:54","guid":{"rendered":"https:\/\/irankiuzona.lt\/product\/pneumatinis-domkratas-3tonu-3-pagalves\/"},"modified":"2026-04-16T10:06:36","modified_gmt":"2026-04-16T10:06:36","slug":"pneumatinis-domkratas-3tonu-3-pagalves","status":"publish","type":"product","link":"https:\/\/irankiuzona.lt\/ru\/product\/pneumatinis-domkratas-3tonu-3-pagalves\/","title":{"rendered":"Pneumatinis domkratas 3ton\u0173 (3 pagalv\u0117s)"},"content":{"rendered":"<p>Paprasta konstrukcija ir ma\u017eas dydis u\u017etikrina paprast\u0105 naudojim\u0105 ir patikimum\u0105 kiekvienam vartotojui Profesionalus ir pagamintas i\u0161 labai tvirtos ir atsparios oro s\u0105lygoms med\u017eiagos Plieniniai ratai su guoliais Su i\u0161leidimo apsauginiu vo\u017etuvu Max. keliamoji galia 3.0T Min auk\u0161tis 135 mm Max auk\u0161tis 420 mm<br \/>\nDarbinis sl\u0117gis 8 \u2013 12 bar Svoris 18 kg<\/p>","protected":false},"excerpt":{"rendered":"<p>Domkratas su 3 oro pagalv\u0117mis, keliamoji galia 3000kg (3tonos), K\u0117limo auk\u0161tis 135-420mm<\/p>","protected":false},"featured_media":371801,"comment_status":"open","ping_status":"open","template":"","meta":[],"product_cat":[10056],"product_tag":[9435],"class_list":{"0":"post-371799","1":"product","2":"type-product","3":"status-publish","4":"has-post-thumbnail","6":"product_brand-kinija","7":"product_cat-domkratai-su-oro-pagalvemis","8":"product_tag-kinija","10":"first","11":"outofstock","12":"purchasable","13":"product-type-simple"},"jetpack_sharing_enabled":true,"_links":{"self":[{"href":"https:\/\/irankiuzona.lt\/ru\/wp-json\/wp\/v2\/product\/371799","targetHints":{"allow":["GET"]}}],"collection":[{"href":"https:\/\/irankiuzona.lt\/ru\/wp-json\/wp\/v2\/product"}],"about":[{"href":"https:\/\/irankiuzona.lt\/ru\/wp-json\/wp\/v2\/types\/product"}],"replies":[{"embeddable":true,"href":"https:\/\/irankiuzona.lt\/ru\/wp-json\/wp\/v2\/comments?post=371799"}],"version-history":[{"count":1,"href":"https:\/\/irankiuzona.lt\/ru\/wp-json\/wp\/v2\/product\/371799\/revisions"}],"predecessor-version":[{"id":425695,"href":"https:\/\/irankiuzona.lt\/ru\/wp-json\/wp\/v2\/product\/371799\/revisions\/425695"}],"wp:featuredmedia":[{"embeddable":true,"href":"https:\/\/irankiuzona.lt\/ru\/wp-json\/wp\/v2\/media\/371801"}],"wp:attachment":[{"href":"https:\/\/irankiuzona.lt\/ru\/wp-json\/wp\/v2\/media?parent=371799"}],"wp:term":[{"taxonomy":"product_cat","embeddable":true,"href":"https:\/\/irankiuzona.lt\/ru\/wp-json\/wp\/v2\/product_cat?post=371799"},{"taxonomy":"product_tag","embeddable":true,"href":"https:\/\/irankiuzona.lt\/ru\/wp-json\/wp\/v2\/product_tag?post=371799"}],"curies":[{"name":"wp","href":"https:\/\/api.w.org\/{rel}","templated":true}]}}