{"id":371831,"date":"2024-10-30T17:16:02","date_gmt":"2024-10-30T17:16:02","guid":{"rendered":"https:\/\/irankiuzona.lt\/product\/dyz-purktstuku-poverzliu-istraukimo-irankis\/"},"modified":"2026-04-14T02:08:28","modified_gmt":"2026-04-14T02:08:28","slug":"dyz-purktstuku-poverzliu-istraukimo-irankis","status":"publish","type":"product","link":"https:\/\/irankiuzona.lt\/ru\/product\/dyz-purktstuku-poverzliu-istraukimo-irankis\/","title":{"rendered":"Dyz. purkt\u0161tuk\u0173 pover\u017eli\u0173 i\u0161traukimo \u012frankis"},"content":{"rendered":"<p>\u012erankis purk\u0161tuk\u0173 tarpini\u0173 i\u0161\u0117mimui dyzeliniam varikliui, naudojamas, kai po purk\u0161tuko i\u0161\u0117mimo sunku i\u0161imti prikepusias tarpines<\/p>","protected":false},"excerpt":{"rendered":"<p>Dyz. purkt\u0161tuk\u0173 pover\u017eli\u0173 i\u0161traukimo \u012frankis\u00a0<\/p>","protected":false},"featured_media":264615,"comment_status":"open","ping_status":"open","template":"","meta":[],"product_cat":[9701],"product_tag":[10130],"class_list":{"0":"post-371831","1":"product","2":"type-product","3":"status-publish","4":"has-post-thumbnail","6":"product_brand-satra-lenkija","7":"product_cat-purkstuku-istraukimui","8":"product_tag-satra-lenkija","10":"first","11":"instock","12":"purchasable","13":"product-type-simple"},"jetpack_sharing_enabled":true,"_links":{"self":[{"href":"https:\/\/irankiuzona.lt\/ru\/wp-json\/wp\/v2\/product\/371831","targetHints":{"allow":["GET"]}}],"collection":[{"href":"https:\/\/irankiuzona.lt\/ru\/wp-json\/wp\/v2\/product"}],"about":[{"href":"https:\/\/irankiuzona.lt\/ru\/wp-json\/wp\/v2\/types\/product"}],"replies":[{"embeddable":true,"href":"https:\/\/irankiuzona.lt\/ru\/wp-json\/wp\/v2\/comments?post=371831"}],"version-history":[{"count":1,"href":"https:\/\/irankiuzona.lt\/ru\/wp-json\/wp\/v2\/product\/371831\/revisions"}],"predecessor-version":[{"id":423322,"href":"https:\/\/irankiuzona.lt\/ru\/wp-json\/wp\/v2\/product\/371831\/revisions\/423322"}],"wp:featuredmedia":[{"embeddable":true,"href":"https:\/\/irankiuzona.lt\/ru\/wp-json\/wp\/v2\/media\/264615"}],"wp:attachment":[{"href":"https:\/\/irankiuzona.lt\/ru\/wp-json\/wp\/v2\/media?parent=371831"}],"wp:term":[{"taxonomy":"product_cat","embeddable":true,"href":"https:\/\/irankiuzona.lt\/ru\/wp-json\/wp\/v2\/product_cat?post=371831"},{"taxonomy":"product_tag","embeddable":true,"href":"https:\/\/irankiuzona.lt\/ru\/wp-json\/wp\/v2\/product_tag?post=371831"}],"curies":[{"name":"wp","href":"https:\/\/api.w.org\/{rel}","templated":true}]}}