{"id":371849,"date":"2024-10-30T17:26:22","date_gmt":"2024-10-30T17:26:22","guid":{"rendered":"https:\/\/irankiuzona.lt\/product\/sepetys-vielinis-o-75mm-plokscias\/"},"modified":"2026-04-12T23:18:32","modified_gmt":"2026-04-12T23:18:32","slug":"sepetys-vielinis-o-75mm-plokscias","status":"publish","type":"product","link":"https:\/\/irankiuzona.lt\/ru\/product\/sepetys-vielinis-o-75mm-plokscias\/","title":{"rendered":"\u0160epetys vielinis \u00d8 75mm \/ plok\u0161\u010dias"},"content":{"rendered":"","protected":false},"excerpt":{"rendered":"<p>\u0160epetys vielinis \u00d8 75mm \/ plok\u0161\u010dias<\/p>","protected":false},"featured_media":199226,"comment_status":"open","ping_status":"open","template":"","meta":[],"product_cat":[9450],"product_tag":[9969],"class_list":{"0":"post-371849","1":"product","2":"type-product","3":"status-publish","4":"has-post-thumbnail","6":"product_brand-hogert-technik-vokietija","7":"product_cat-sepeciai-greztuvui-slif-pj-irankiui","8":"product_tag-hogert-technik-vokietija","10":"first","11":"instock","12":"purchasable","13":"product-type-simple"},"jetpack_sharing_enabled":true,"_links":{"self":[{"href":"https:\/\/irankiuzona.lt\/ru\/wp-json\/wp\/v2\/product\/371849","targetHints":{"allow":["GET"]}}],"collection":[{"href":"https:\/\/irankiuzona.lt\/ru\/wp-json\/wp\/v2\/product"}],"about":[{"href":"https:\/\/irankiuzona.lt\/ru\/wp-json\/wp\/v2\/types\/product"}],"replies":[{"embeddable":true,"href":"https:\/\/irankiuzona.lt\/ru\/wp-json\/wp\/v2\/comments?post=371849"}],"version-history":[{"count":1,"href":"https:\/\/irankiuzona.lt\/ru\/wp-json\/wp\/v2\/product\/371849\/revisions"}],"predecessor-version":[{"id":424824,"href":"https:\/\/irankiuzona.lt\/ru\/wp-json\/wp\/v2\/product\/371849\/revisions\/424824"}],"wp:featuredmedia":[{"embeddable":true,"href":"https:\/\/irankiuzona.lt\/ru\/wp-json\/wp\/v2\/media\/199226"}],"wp:attachment":[{"href":"https:\/\/irankiuzona.lt\/ru\/wp-json\/wp\/v2\/media?parent=371849"}],"wp:term":[{"taxonomy":"product_cat","embeddable":true,"href":"https:\/\/irankiuzona.lt\/ru\/wp-json\/wp\/v2\/product_cat?post=371849"},{"taxonomy":"product_tag","embeddable":true,"href":"https:\/\/irankiuzona.lt\/ru\/wp-json\/wp\/v2\/product_tag?post=371849"}],"curies":[{"name":"wp","href":"https:\/\/api.w.org\/{rel}","templated":true}]}}