{"id":371851,"date":"2024-10-30T17:26:39","date_gmt":"2024-10-30T17:26:39","guid":{"rendered":"https:\/\/irankiuzona.lt\/product\/domkratas-hidraulinis-pazemintas-3t-75-510mm\/"},"modified":"2026-04-12T17:49:10","modified_gmt":"2026-04-12T17:49:10","slug":"domkratas-hidraulinis-pazemintas-3t-75-510mm","status":"publish","type":"product","link":"https:\/\/irankiuzona.lt\/ru\/product\/domkratas-hidraulinis-pazemintas-3t-75-510mm\/","title":{"rendered":"Domkratas hidraulinis pa\u017eemintas 3T 75-510mm"},"content":{"rendered":"<p>Specifikacijos:<br \/>\nMaks., apkrova 3TMin. k\u0117limo auk\u0161tis 75mmMaks. k\u0117limo auk\u0161tis 510mmYpa\u010d \u017eemo profilio dizainasGreitas pak\u0117limasPasukami galiniai ratai<\/p>","protected":false},"excerpt":{"rendered":"<p>Domkratas hidraulinis 3Ton 75-510mm<\/p>","protected":false},"featured_media":269110,"comment_status":"open","ping_status":"closed","template":"","meta":[],"product_cat":[9959],"product_tag":[10151],"class_list":{"0":"post-371851","1":"product","2":"type-product","3":"status-publish","4":"has-post-thumbnail","6":"product_brand-lenkija-tiekejas","7":"product_cat-domkratai-hidrauliniai","8":"product_tag-lenkija-tiekejas","10":"first","11":"outofstock","12":"purchasable","13":"product-type-simple"},"jetpack_sharing_enabled":true,"_links":{"self":[{"href":"https:\/\/irankiuzona.lt\/ru\/wp-json\/wp\/v2\/product\/371851","targetHints":{"allow":["GET"]}}],"collection":[{"href":"https:\/\/irankiuzona.lt\/ru\/wp-json\/wp\/v2\/product"}],"about":[{"href":"https:\/\/irankiuzona.lt\/ru\/wp-json\/wp\/v2\/types\/product"}],"replies":[{"embeddable":true,"href":"https:\/\/irankiuzona.lt\/ru\/wp-json\/wp\/v2\/comments?post=371851"}],"version-history":[{"count":1,"href":"https:\/\/irankiuzona.lt\/ru\/wp-json\/wp\/v2\/product\/371851\/revisions"}],"predecessor-version":[{"id":424866,"href":"https:\/\/irankiuzona.lt\/ru\/wp-json\/wp\/v2\/product\/371851\/revisions\/424866"}],"wp:featuredmedia":[{"embeddable":true,"href":"https:\/\/irankiuzona.lt\/ru\/wp-json\/wp\/v2\/media\/269110"}],"wp:attachment":[{"href":"https:\/\/irankiuzona.lt\/ru\/wp-json\/wp\/v2\/media?parent=371851"}],"wp:term":[{"taxonomy":"product_cat","embeddable":true,"href":"https:\/\/irankiuzona.lt\/ru\/wp-json\/wp\/v2\/product_cat?post=371851"},{"taxonomy":"product_tag","embeddable":true,"href":"https:\/\/irankiuzona.lt\/ru\/wp-json\/wp\/v2\/product_tag?post=371851"}],"curies":[{"name":"wp","href":"https:\/\/api.w.org\/{rel}","templated":true}]}}