{"id":371853,"date":"2024-10-30T17:26:53","date_gmt":"2024-10-30T17:26:53","guid":{"rendered":"https:\/\/irankiuzona.lt\/product\/smuginiu-1-2-galvu-komplektas-10-24mm-10vnt\/"},"modified":"2026-04-12T17:49:15","modified_gmt":"2026-04-12T17:49:15","slug":"smuginiu-1-2-galvu-komplektas-10-24mm-10vnt","status":"publish","type":"product","link":"https:\/\/irankiuzona.lt\/ru\/product\/smuginiu-1-2-galvu-komplektas-10-24mm-10vnt\/","title":{"rendered":"Sm\u016bgini\u0173 1\/2&#8221; galv\u0173 komplektas 10-24mm 10vnt."},"content":{"rendered":"<p>Cr-Mo 1\/2 galv\u0173 komplektasKomplekte: 10 &#8211; 12 &#8211; 13 &#8211; 14 &#8211; 15 &#8211; 17 &#8211; 19 &#8211; 21 &#8211; 22 &#8211; 24 mm<\/p>","protected":false},"excerpt":{"rendered":"<p>Galvut\u0117s Cr-Mo sm\u016bgin\u0117s\u00a0 1\/2&#8221; 10-24mm 10vnt. metalin\u0117je d\u0117\u017eut\u0117je<\/p>","protected":false},"featured_media":269203,"comment_status":"open","ping_status":"open","template":"","meta":[],"product_cat":[9499],"product_tag":[10151],"class_list":{"0":"post-371853","1":"product","2":"type-product","3":"status-publish","4":"has-post-thumbnail","6":"product_brand-lenkija-tiekejas","7":"product_cat-smuginiu-galvuciu-komplektai","8":"product_tag-lenkija-tiekejas","10":"first","11":"instock","12":"purchasable","13":"product-type-simple"},"jetpack_sharing_enabled":true,"_links":{"self":[{"href":"https:\/\/irankiuzona.lt\/ru\/wp-json\/wp\/v2\/product\/371853","targetHints":{"allow":["GET"]}}],"collection":[{"href":"https:\/\/irankiuzona.lt\/ru\/wp-json\/wp\/v2\/product"}],"about":[{"href":"https:\/\/irankiuzona.lt\/ru\/wp-json\/wp\/v2\/types\/product"}],"replies":[{"embeddable":true,"href":"https:\/\/irankiuzona.lt\/ru\/wp-json\/wp\/v2\/comments?post=371853"}],"version-history":[{"count":1,"href":"https:\/\/irankiuzona.lt\/ru\/wp-json\/wp\/v2\/product\/371853\/revisions"}],"predecessor-version":[{"id":424898,"href":"https:\/\/irankiuzona.lt\/ru\/wp-json\/wp\/v2\/product\/371853\/revisions\/424898"}],"wp:featuredmedia":[{"embeddable":true,"href":"https:\/\/irankiuzona.lt\/ru\/wp-json\/wp\/v2\/media\/269203"}],"wp:attachment":[{"href":"https:\/\/irankiuzona.lt\/ru\/wp-json\/wp\/v2\/media?parent=371853"}],"wp:term":[{"taxonomy":"product_cat","embeddable":true,"href":"https:\/\/irankiuzona.lt\/ru\/wp-json\/wp\/v2\/product_cat?post=371853"},{"taxonomy":"product_tag","embeddable":true,"href":"https:\/\/irankiuzona.lt\/ru\/wp-json\/wp\/v2\/product_tag?post=371853"}],"curies":[{"name":"wp","href":"https:\/\/api.w.org\/{rel}","templated":true}]}}