{"id":371855,"date":"2024-10-30T17:27:29","date_gmt":"2024-10-30T17:27:29","guid":{"rendered":"https:\/\/irankiuzona.lt\/product\/irankiu-deze-moduline\/"},"modified":"2026-04-12T13:33:26","modified_gmt":"2026-04-12T13:33:26","slug":"irankiu-deze-moduline","status":"publish","type":"product","link":"https:\/\/irankiuzona.lt\/ru\/product\/irankiu-deze-moduline\/","title":{"rendered":"\u012eranki\u0173 d\u0117\u017e\u0117, modulin\u0117"},"content":{"rendered":"<p>komplekte yra 4 vienodo dyd\u017eio i\u0161imami d\u0117klai, 1 didesnis d\u0117klas su 3 funkciniais skyreliais ir rakinama tvarkykl\u0117;<br \/>\ndviej\u0173 komponent\u0173 ratai i\u0161 ABS ir elastomero;<br \/>\nnugaroje yra rankena, kad b\u016bt\u0173 lengviau ne\u0161iotis;<br \/>\nsu metaliniais vyriais;<br \/>\ngaubtas pagamintas i\u0161 polikarbonato;<br \/>\nkorpusas pagamintas i\u0161 polimer\u0173, u\u017etikrina naudojimo patvarum\u0105;<br \/>\nsuderinamas su kitais modulin\u0117s \u012franki\u0173 d\u0117\u017e\u0117s sistemos elementais.<\/p>","protected":false},"excerpt":{"rendered":"<p>\u012eranki\u0173 d\u0117\u017e\u0117, modulin\u0117<\/p>","protected":false},"featured_media":269449,"comment_status":"open","ping_status":"open","template":"","meta":[],"product_cat":[10064],"product_tag":[9969],"class_list":{"0":"post-371855","1":"product","2":"type-product","3":"status-publish","4":"has-post-thumbnail","6":"product_brand-hogert-technik-vokietija","7":"product_cat-irankiu-dezes-su-ratukais","8":"product_tag-hogert-technik-vokietija","10":"first","11":"instock","12":"purchasable","13":"product-type-simple"},"jetpack_sharing_enabled":true,"_links":{"self":[{"href":"https:\/\/irankiuzona.lt\/ru\/wp-json\/wp\/v2\/product\/371855","targetHints":{"allow":["GET"]}}],"collection":[{"href":"https:\/\/irankiuzona.lt\/ru\/wp-json\/wp\/v2\/product"}],"about":[{"href":"https:\/\/irankiuzona.lt\/ru\/wp-json\/wp\/v2\/types\/product"}],"replies":[{"embeddable":true,"href":"https:\/\/irankiuzona.lt\/ru\/wp-json\/wp\/v2\/comments?post=371855"}],"version-history":[{"count":1,"href":"https:\/\/irankiuzona.lt\/ru\/wp-json\/wp\/v2\/product\/371855\/revisions"}],"predecessor-version":[{"id":424987,"href":"https:\/\/irankiuzona.lt\/ru\/wp-json\/wp\/v2\/product\/371855\/revisions\/424987"}],"wp:featuredmedia":[{"embeddable":true,"href":"https:\/\/irankiuzona.lt\/ru\/wp-json\/wp\/v2\/media\/269449"}],"wp:attachment":[{"href":"https:\/\/irankiuzona.lt\/ru\/wp-json\/wp\/v2\/media?parent=371855"}],"wp:term":[{"taxonomy":"product_cat","embeddable":true,"href":"https:\/\/irankiuzona.lt\/ru\/wp-json\/wp\/v2\/product_cat?post=371855"},{"taxonomy":"product_tag","embeddable":true,"href":"https:\/\/irankiuzona.lt\/ru\/wp-json\/wp\/v2\/product_tag?post=371855"}],"curies":[{"name":"wp","href":"https:\/\/api.w.org\/{rel}","templated":true}]}}