{"id":371857,"date":"2024-10-30T17:27:49","date_gmt":"2024-10-30T17:27:49","guid":{"rendered":"https:\/\/irankiuzona.lt\/product\/tepalo-issiurbimo-surinkimo-indas-80l-su-spec-irankiais-61-dalies\/"},"modified":"2026-04-12T15:42:11","modified_gmt":"2026-04-12T15:42:11","slug":"tepalo-issiurbimo-surinkimo-indas-80l-su-spec-irankiais-61-dalies","status":"publish","type":"product","link":"https:\/\/irankiuzona.lt\/ru\/product\/tepalo-issiurbimo-surinkimo-indas-80l-su-spec-irankiais-61-dalies\/","title":{"rendered":"Tepalo i\u0161siurbimo\/surinkimo indas 80l su spec.\u012frankiais 61 dalies"},"content":{"rendered":"<p>Bendra talpa 80lPlast. indo talpa 10lOro \u012f\u0117jimo sl\u0117gis 6-8barL\u0117k\u0161tut\u0117s tepalo filtram: 64-65mm x 14, 66-67mm x 14, 73-74mm x 14, 64- 65 mm x 14 ,73 mm x 15 g, 86 mm x 18 g, 88-89 mm x 15 g, 88-89 mm x 15 g, 90-91 mm x 15 g, 92-93 mm x 15 g,93-94 mm x 15 , 18 . 101 mm x 15 , 89 mm x 12 . 86-87mm x 16, 64-65mm x 14, 64-65mm x 14, 84mm x 14,75-76mm x 15, 74mm x 8, 73-74mm x 15, 72-73mm x 15, 72-73mm x 15,1 &#8211; 75 mm x 14 , 95,5\u201385,2 mm x 16 ,80 mm x 15 , 27 mm x 6 , 32 mm x 6 , 36 mm x 6 , 86,3 mm x 16 , 105 mm x 15 , 106-157 mm; L formos ver\u017eliaraktis 12&quot; 250 mm Prailginimas 12&quot;: 125, 250 mm Prailginimas 38&quot;: 75, 150 mm T formos ver\u017eliaraktis 38&quot; Raktas alyvos filtro keitimui: 65-85, 80 &#8211; 100 mm ver\u017eliaraktis kuro filtro dangteliui 250 mm Antgalio lizdai 3\/8&quot; alyvos i\u0161leidimo dangteliams nuimti:<\/p>","protected":false},"excerpt":{"rendered":"<p>Tepalo i\u0161siurbimo\/surinkimo indas 80l su spec.\u012frankiais 61 dalies<\/p>","protected":false},"featured_media":269569,"comment_status":"open","ping_status":"open","template":"","meta":[],"product_cat":[9786],"product_tag":[10151],"class_list":{"0":"post-371857","1":"product","2":"type-product","3":"status-publish","4":"has-post-thumbnail","6":"product_brand-lenkija-tiekejas","7":"product_cat-indai-talpos","8":"product_tag-lenkija-tiekejas","10":"first","11":"outofstock","12":"purchasable","13":"product-type-simple"},"jetpack_sharing_enabled":true,"_links":{"self":[{"href":"https:\/\/irankiuzona.lt\/ru\/wp-json\/wp\/v2\/product\/371857","targetHints":{"allow":["GET"]}}],"collection":[{"href":"https:\/\/irankiuzona.lt\/ru\/wp-json\/wp\/v2\/product"}],"about":[{"href":"https:\/\/irankiuzona.lt\/ru\/wp-json\/wp\/v2\/types\/product"}],"replies":[{"embeddable":true,"href":"https:\/\/irankiuzona.lt\/ru\/wp-json\/wp\/v2\/comments?post=371857"}],"version-history":[{"count":1,"href":"https:\/\/irankiuzona.lt\/ru\/wp-json\/wp\/v2\/product\/371857\/revisions"}],"predecessor-version":[{"id":425035,"href":"https:\/\/irankiuzona.lt\/ru\/wp-json\/wp\/v2\/product\/371857\/revisions\/425035"}],"wp:featuredmedia":[{"embeddable":true,"href":"https:\/\/irankiuzona.lt\/ru\/wp-json\/wp\/v2\/media\/269569"}],"wp:attachment":[{"href":"https:\/\/irankiuzona.lt\/ru\/wp-json\/wp\/v2\/media?parent=371857"}],"wp:term":[{"taxonomy":"product_cat","embeddable":true,"href":"https:\/\/irankiuzona.lt\/ru\/wp-json\/wp\/v2\/product_cat?post=371857"},{"taxonomy":"product_tag","embeddable":true,"href":"https:\/\/irankiuzona.lt\/ru\/wp-json\/wp\/v2\/product_tag?post=371857"}],"curies":[{"name":"wp","href":"https:\/\/api.w.org\/{rel}","templated":true}]}}