{"id":371859,"date":"2024-10-30T17:28:50","date_gmt":"2024-10-30T17:28:50","guid":{"rendered":"https:\/\/irankiuzona.lt\/product\/irankiu-komplektas-1-43-81-2-216daliu-cv\/"},"modified":"2026-04-14T13:41:51","modified_gmt":"2026-04-14T13:41:51","slug":"irankiu-komplektas-1-43-81-2-216daliu-cv","status":"publish","type":"product","link":"https:\/\/irankiuzona.lt\/ru\/product\/irankiu-komplektas-1-43-81-2-216daliu-cv\/","title":{"rendered":"\u012eranki\u0173 komplektas 1\/4+3\/8+1\/2 216dali\u0173 CV"},"content":{"rendered":"<p>72dant\u0173 terk\u0161l\u0117s<\/p>","protected":false},"excerpt":{"rendered":"<p>SCHEPPACH 38841 \u012eranki\u0173 komplektas lagamine 1\/4 + 3\/8 + 1\/2 terk\u0161l\u0117mis, 216 dali\u0173. \u0160e\u0161iakamp\u0117s ir dvylikakamp\u0117s galvut\u0117s, rakt\u0173 komplektas. Smulkiadant\u0117s 72dant\u0173 terk\u0161l\u0117s.<\/p>","protected":false},"featured_media":298526,"comment_status":"open","ping_status":"closed","template":"","meta":[],"product_cat":[9491],"product_tag":[10148],"class_list":{"0":"post-371859","1":"product","2":"type-product","3":"status-publish","4":"has-post-thumbnail","6":"product_brand-scheppach","7":"product_cat-kombinuoti-irankiu-komplektai-1-4-3-8-1-2","8":"product_tag-scheppach","10":"first","11":"outofstock","12":"purchasable","13":"product-type-simple"},"jetpack_sharing_enabled":true,"_links":{"self":[{"href":"https:\/\/irankiuzona.lt\/ru\/wp-json\/wp\/v2\/product\/371859","targetHints":{"allow":["GET"]}}],"collection":[{"href":"https:\/\/irankiuzona.lt\/ru\/wp-json\/wp\/v2\/product"}],"about":[{"href":"https:\/\/irankiuzona.lt\/ru\/wp-json\/wp\/v2\/types\/product"}],"replies":[{"embeddable":true,"href":"https:\/\/irankiuzona.lt\/ru\/wp-json\/wp\/v2\/comments?post=371859"}],"version-history":[{"count":1,"href":"https:\/\/irankiuzona.lt\/ru\/wp-json\/wp\/v2\/product\/371859\/revisions"}],"predecessor-version":[{"id":425192,"href":"https:\/\/irankiuzona.lt\/ru\/wp-json\/wp\/v2\/product\/371859\/revisions\/425192"}],"wp:featuredmedia":[{"embeddable":true,"href":"https:\/\/irankiuzona.lt\/ru\/wp-json\/wp\/v2\/media\/298526"}],"wp:attachment":[{"href":"https:\/\/irankiuzona.lt\/ru\/wp-json\/wp\/v2\/media?parent=371859"}],"wp:term":[{"taxonomy":"product_cat","embeddable":true,"href":"https:\/\/irankiuzona.lt\/ru\/wp-json\/wp\/v2\/product_cat?post=371859"},{"taxonomy":"product_tag","embeddable":true,"href":"https:\/\/irankiuzona.lt\/ru\/wp-json\/wp\/v2\/product_tag?post=371859"}],"curies":[{"name":"wp","href":"https:\/\/api.w.org\/{rel}","templated":true}]}}