{"id":371953,"date":"2024-11-05T16:49:32","date_gmt":"2024-11-05T16:49:32","guid":{"rendered":"https:\/\/irankiuzona.lt\/product\/tuscias-deklas-vezimeliui-terkslems-ir-galvutems-3\/"},"modified":"2026-04-15T22:47:40","modified_gmt":"2026-04-15T22:47:40","slug":"tuscias-deklas-vezimeliui-terkslems-ir-galvutems-3","status":"publish","type":"product","link":"https:\/\/irankiuzona.lt\/ru\/product\/tuscias-deklas-vezimeliui-terkslems-ir-galvutems-3\/","title":{"rendered":"Tu\u0161\u010dias d\u0117klas ve\u017eim\u0117liui \/ terk\u0161l\u0117ms ir galvut\u0117ms"},"content":{"rendered":"<p>1\/4\u2033 1\/2\u2032<\/p>","protected":false},"excerpt":{"rendered":"<p>Tu\u0161\u010dias d\u0117klas ve\u017eim\u0117liui \/ terk\u0161l\u0117ms ir galvut\u0117ms<\/p>","protected":false},"featured_media":266359,"comment_status":"open","ping_status":"open","template":"","meta":[],"product_cat":[9870],"product_tag":[10131],"class_list":{"0":"post-371953","1":"product","2":"type-product","3":"status-publish","4":"has-post-thumbnail","6":"product_brand-asta-lenkija","7":"product_cat-deklai-i-vezimus-su-irankiais-ir-tusti","8":"product_tag-asta-lenkija","10":"first","11":"instock","12":"purchasable","13":"product-type-simple"},"jetpack_sharing_enabled":true,"_links":{"self":[{"href":"https:\/\/irankiuzona.lt\/ru\/wp-json\/wp\/v2\/product\/371953","targetHints":{"allow":["GET"]}}],"collection":[{"href":"https:\/\/irankiuzona.lt\/ru\/wp-json\/wp\/v2\/product"}],"about":[{"href":"https:\/\/irankiuzona.lt\/ru\/wp-json\/wp\/v2\/types\/product"}],"replies":[{"embeddable":true,"href":"https:\/\/irankiuzona.lt\/ru\/wp-json\/wp\/v2\/comments?post=371953"}],"version-history":[{"count":1,"href":"https:\/\/irankiuzona.lt\/ru\/wp-json\/wp\/v2\/product\/371953\/revisions"}],"predecessor-version":[{"id":423905,"href":"https:\/\/irankiuzona.lt\/ru\/wp-json\/wp\/v2\/product\/371953\/revisions\/423905"}],"wp:featuredmedia":[{"embeddable":true,"href":"https:\/\/irankiuzona.lt\/ru\/wp-json\/wp\/v2\/media\/266359"}],"wp:attachment":[{"href":"https:\/\/irankiuzona.lt\/ru\/wp-json\/wp\/v2\/media?parent=371953"}],"wp:term":[{"taxonomy":"product_cat","embeddable":true,"href":"https:\/\/irankiuzona.lt\/ru\/wp-json\/wp\/v2\/product_cat?post=371953"},{"taxonomy":"product_tag","embeddable":true,"href":"https:\/\/irankiuzona.lt\/ru\/wp-json\/wp\/v2\/product_tag?post=371953"}],"curies":[{"name":"wp","href":"https:\/\/api.w.org\/{rel}","templated":true}]}}