{"id":371971,"date":"2024-11-05T16:51:24","date_gmt":"2024-11-05T16:51:24","guid":{"rendered":"https:\/\/irankiuzona.lt\/product\/rieboksliu-nuemiklis-6\/"},"modified":"2026-04-12T22:09:18","modified_gmt":"2026-04-12T22:09:18","slug":"rieboksliu-nuemiklis-6","status":"publish","type":"product","link":"https:\/\/irankiuzona.lt\/ru\/product\/rieboksliu-nuemiklis-6\/","title":{"rendered":"Riebok\u0161li\u0173 nu\u0117miklis"},"content":{"rendered":"<p>Ilgis &#8211; 295 mm<\/p>","protected":false},"excerpt":{"rendered":"<p>Riebok\u0161li\u0173 nu\u0117miklis<\/p>","protected":false},"featured_media":267018,"comment_status":"open","ping_status":"open","template":"","meta":[],"product_cat":[9730],"product_tag":[10131],"class_list":{"0":"post-371971","1":"product","2":"type-product","3":"status-publish","4":"has-post-thumbnail","6":"product_brand-asta-lenkija","7":"product_cat-irankiai-rieboksliams","8":"product_tag-asta-lenkija","10":"first","11":"instock","12":"purchasable","13":"product-type-simple"},"jetpack_sharing_enabled":true,"_links":{"self":[{"href":"https:\/\/irankiuzona.lt\/ru\/wp-json\/wp\/v2\/product\/371971","targetHints":{"allow":["GET"]}}],"collection":[{"href":"https:\/\/irankiuzona.lt\/ru\/wp-json\/wp\/v2\/product"}],"about":[{"href":"https:\/\/irankiuzona.lt\/ru\/wp-json\/wp\/v2\/types\/product"}],"replies":[{"embeddable":true,"href":"https:\/\/irankiuzona.lt\/ru\/wp-json\/wp\/v2\/comments?post=371971"}],"version-history":[{"count":1,"href":"https:\/\/irankiuzona.lt\/ru\/wp-json\/wp\/v2\/product\/371971\/revisions"}],"predecessor-version":[{"id":424134,"href":"https:\/\/irankiuzona.lt\/ru\/wp-json\/wp\/v2\/product\/371971\/revisions\/424134"}],"wp:featuredmedia":[{"embeddable":true,"href":"https:\/\/irankiuzona.lt\/ru\/wp-json\/wp\/v2\/media\/267018"}],"wp:attachment":[{"href":"https:\/\/irankiuzona.lt\/ru\/wp-json\/wp\/v2\/media?parent=371971"}],"wp:term":[{"taxonomy":"product_cat","embeddable":true,"href":"https:\/\/irankiuzona.lt\/ru\/wp-json\/wp\/v2\/product_cat?post=371971"},{"taxonomy":"product_tag","embeddable":true,"href":"https:\/\/irankiuzona.lt\/ru\/wp-json\/wp\/v2\/product_tag?post=371971"}],"curies":[{"name":"wp","href":"https:\/\/api.w.org\/{rel}","templated":true}]}}