{"id":371973,"date":"2024-11-05T16:51:31","date_gmt":"2024-11-05T16:51:31","guid":{"rendered":"https:\/\/irankiuzona.lt\/product\/kedute-mechaniko-su-ratukais\/"},"modified":"2026-04-12T23:15:09","modified_gmt":"2026-04-12T23:15:09","slug":"kedute-mechaniko-su-ratukais","status":"publish","type":"product","link":"https:\/\/irankiuzona.lt\/ru\/product\/kedute-mechaniko-su-ratukais\/","title":{"rendered":"K\u0117dut\u0117 mechaniko su ratukais"},"content":{"rendered":"<p>Techniniai duomenysauk\u0161tis 455 &#8211; 555 mmS\u0117dyn\u0117s skersmuo 300 mmD\u0117klo skersmuo 400 mmMaksimali apkrova 136 kgRato skersmuo 60 mmSvoris:6kg<\/p>","protected":false},"excerpt":{"rendered":"<p>K\u0117dut\u0117 mechaniko su ratukais<\/p>","protected":false},"featured_media":267063,"comment_status":"open","ping_status":"open","template":"","meta":[],"product_cat":[9761],"product_tag":[10131],"class_list":{"0":"post-371973","1":"product","2":"type-product","3":"status-publish","4":"has-post-thumbnail","6":"product_brand-asta-lenkija","7":"product_cat-mechaniko-gultai-kedutes","8":"product_tag-asta-lenkija","10":"first","11":"instock","12":"purchasable","13":"product-type-simple"},"jetpack_sharing_enabled":true,"_links":{"self":[{"href":"https:\/\/irankiuzona.lt\/ru\/wp-json\/wp\/v2\/product\/371973","targetHints":{"allow":["GET"]}}],"collection":[{"href":"https:\/\/irankiuzona.lt\/ru\/wp-json\/wp\/v2\/product"}],"about":[{"href":"https:\/\/irankiuzona.lt\/ru\/wp-json\/wp\/v2\/types\/product"}],"replies":[{"embeddable":true,"href":"https:\/\/irankiuzona.lt\/ru\/wp-json\/wp\/v2\/comments?post=371973"}],"version-history":[{"count":1,"href":"https:\/\/irankiuzona.lt\/ru\/wp-json\/wp\/v2\/product\/371973\/revisions"}],"predecessor-version":[{"id":424149,"href":"https:\/\/irankiuzona.lt\/ru\/wp-json\/wp\/v2\/product\/371973\/revisions\/424149"}],"wp:featuredmedia":[{"embeddable":true,"href":"https:\/\/irankiuzona.lt\/ru\/wp-json\/wp\/v2\/media\/267063"}],"wp:attachment":[{"href":"https:\/\/irankiuzona.lt\/ru\/wp-json\/wp\/v2\/media?parent=371973"}],"wp:term":[{"taxonomy":"product_cat","embeddable":true,"href":"https:\/\/irankiuzona.lt\/ru\/wp-json\/wp\/v2\/product_cat?post=371973"},{"taxonomy":"product_tag","embeddable":true,"href":"https:\/\/irankiuzona.lt\/ru\/wp-json\/wp\/v2\/product_tag?post=371973"}],"curies":[{"name":"wp","href":"https:\/\/api.w.org\/{rel}","templated":true}]}}