{"id":371975,"date":"2024-11-05T16:52:17","date_gmt":"2024-11-05T16:52:17","guid":{"rendered":"https:\/\/irankiuzona.lt\/product\/dyzeliniu-purkstuku-poverzles-iskalimo-plaktukas\/"},"modified":"2026-04-13T03:58:30","modified_gmt":"2026-04-13T03:58:30","slug":"dyzeliniu-purkstuku-poverzles-iskalimo-plaktukas","status":"publish","type":"product","link":"https:\/\/irankiuzona.lt\/ru\/product\/dyzeliniu-purkstuku-poverzles-iskalimo-plaktukas\/","title":{"rendered":"Dyzelini\u0173 purk\u0161tuk\u0173 pover\u017el\u0117s i\u0161kalimo plaktukas"},"content":{"rendered":"<p>Ilgis: 350mm<\/p>","protected":false},"excerpt":{"rendered":"<p>\u012erankis dyzelini\u0173 purk\u0161uk\u0173 tarpin\u0117s i\u0161kalimui<\/p>","protected":false},"featured_media":371977,"comment_status":"open","ping_status":"open","template":"","meta":[],"product_cat":[9701],"product_tag":[9435],"class_list":{"0":"post-371975","1":"product","2":"type-product","3":"status-publish","4":"has-post-thumbnail","6":"product_brand-kinija","7":"product_cat-purkstuku-istraukimui","8":"product_tag-kinija","10":"first","11":"instock","12":"purchasable","13":"product-type-simple"},"jetpack_sharing_enabled":true,"_links":{"self":[{"href":"https:\/\/irankiuzona.lt\/ru\/wp-json\/wp\/v2\/product\/371975","targetHints":{"allow":["GET"]}}],"collection":[{"href":"https:\/\/irankiuzona.lt\/ru\/wp-json\/wp\/v2\/product"}],"about":[{"href":"https:\/\/irankiuzona.lt\/ru\/wp-json\/wp\/v2\/types\/product"}],"replies":[{"embeddable":true,"href":"https:\/\/irankiuzona.lt\/ru\/wp-json\/wp\/v2\/comments?post=371975"}],"version-history":[{"count":1,"href":"https:\/\/irankiuzona.lt\/ru\/wp-json\/wp\/v2\/product\/371975\/revisions"}],"predecessor-version":[{"id":424250,"href":"https:\/\/irankiuzona.lt\/ru\/wp-json\/wp\/v2\/product\/371975\/revisions\/424250"}],"wp:featuredmedia":[{"embeddable":true,"href":"https:\/\/irankiuzona.lt\/ru\/wp-json\/wp\/v2\/media\/371977"}],"wp:attachment":[{"href":"https:\/\/irankiuzona.lt\/ru\/wp-json\/wp\/v2\/media?parent=371975"}],"wp:term":[{"taxonomy":"product_cat","embeddable":true,"href":"https:\/\/irankiuzona.lt\/ru\/wp-json\/wp\/v2\/product_cat?post=371975"},{"taxonomy":"product_tag","embeddable":true,"href":"https:\/\/irankiuzona.lt\/ru\/wp-json\/wp\/v2\/product_tag?post=371975"}],"curies":[{"name":"wp","href":"https:\/\/api.w.org\/{rel}","templated":true}]}}