{"id":371980,"date":"2024-11-05T17:00:13","date_gmt":"2024-11-05T17:00:13","guid":{"rendered":"https:\/\/irankiuzona.lt\/product\/reples-zarneliu-uzspaudimui-3vnt-2\/"},"modified":"2026-01-31T16:35:43","modified_gmt":"2026-01-31T16:35:43","slug":"reples-zarneliu-uzspaudimui-3vnt-2","status":"publish","type":"product","link":"https:\/\/irankiuzona.lt\/ru\/product\/reples-zarneliu-uzspaudimui-3vnt-2\/","title":{"rendered":"Repl\u0117s \u017earneli\u0173 u\u017espaudimui 3vnt"},"content":{"rendered":"<p>Komplekte 3 vnt. skirting\u0173 dyd\u017ei\u0173.Diametras 15 mm \/ 30 mm \/ 60 mm<\/p>","protected":false},"excerpt":{"rendered":"<p>Repl\u0117s \u017earneli\u0173 u\u017espaudimui 3vnt<\/p>","protected":false},"featured_media":312062,"comment_status":"open","ping_status":"open","template":"","meta":[],"product_cat":[9468],"product_tag":[10130],"class_list":{"0":"post-371980","1":"product","2":"type-product","3":"status-publish","4":"has-post-thumbnail","6":"product_brand-satra-lenkija","7":"product_cat-zarnu-uzspaudimo-irankiai","8":"product_tag-satra-lenkija","10":"first","11":"outofstock","12":"purchasable","13":"product-type-simple"},"jetpack_sharing_enabled":true,"_links":{"self":[{"href":"https:\/\/irankiuzona.lt\/ru\/wp-json\/wp\/v2\/product\/371980","targetHints":{"allow":["GET"]}}],"collection":[{"href":"https:\/\/irankiuzona.lt\/ru\/wp-json\/wp\/v2\/product"}],"about":[{"href":"https:\/\/irankiuzona.lt\/ru\/wp-json\/wp\/v2\/types\/product"}],"replies":[{"embeddable":true,"href":"https:\/\/irankiuzona.lt\/ru\/wp-json\/wp\/v2\/comments?post=371980"}],"version-history":[{"count":1,"href":"https:\/\/irankiuzona.lt\/ru\/wp-json\/wp\/v2\/product\/371980\/revisions"}],"predecessor-version":[{"id":425218,"href":"https:\/\/irankiuzona.lt\/ru\/wp-json\/wp\/v2\/product\/371980\/revisions\/425218"}],"wp:featuredmedia":[{"embeddable":true,"href":"https:\/\/irankiuzona.lt\/ru\/wp-json\/wp\/v2\/media\/312062"}],"wp:attachment":[{"href":"https:\/\/irankiuzona.lt\/ru\/wp-json\/wp\/v2\/media?parent=371980"}],"wp:term":[{"taxonomy":"product_cat","embeddable":true,"href":"https:\/\/irankiuzona.lt\/ru\/wp-json\/wp\/v2\/product_cat?post=371980"},{"taxonomy":"product_tag","embeddable":true,"href":"https:\/\/irankiuzona.lt\/ru\/wp-json\/wp\/v2\/product_tag?post=371980"}],"curies":[{"name":"wp","href":"https:\/\/api.w.org\/{rel}","templated":true}]}}