{"id":371982,"date":"2024-11-05T17:03:12","date_gmt":"2024-11-05T17:03:12","guid":{"rendered":"https:\/\/irankiuzona.lt\/product\/irankiu-deze-su-stalciais-1-41-2-145daliu-2\/"},"modified":"2026-04-13T10:09:26","modified_gmt":"2026-04-13T10:09:26","slug":"irankiu-deze-su-stalciais-1-41-2-145daliu-2","status":"publish","type":"product","link":"https:\/\/irankiuzona.lt\/ru\/product\/irankiu-deze-su-stalciais-1-41-2-145daliu-2\/","title":{"rendered":"\u012eranki\u0173 d\u0117\u017e\u0117 su stal\u010diais 1\/4+1\/2 \/ 145dali\u0173"},"content":{"rendered":"<p>d\u0117\u017eut\u0117s matmenys: 535x220x290 mmstal\u010diaus matmenys (3 vnt.): 500x190x40 mmlentynos matmenys: 530x215x55 mmmetaliniai rutuliniai stal\u010di\u0173 kreiptuvaispyna su dviem rakteliaiscentrinio stal\u010diaus u\u017eraktasergonomi\u0161ka rankena2 metalin\u0117s rankenos d\u0117\u017eut\u0117s \u0161one2 tvirti skl\u0105s\u010diai su galimybe pritvirtinti spyn\u0105.<br \/>\nTerk\u0161l\u0117s 72 dantukai: 1\/4&quot;, 1\/2&quot;jungtys: 1\/4&quot;, 1\/2&quot;1\/2\u2033 \u017evaki\u0173 lizdai: 16, 21 mmtrumpos galvut\u0117s 1\/4 : 4, 4,5, 5, 5,5, 6, 7, 8, 9, 10, 11, 12, 13, 14 mmilgos galvut\u0117s 1\/4 : 8, 10, 11, 12, 13, 14 mm1\/4 slankioji ranken\u0117l\u0117Tiesi ranken\u0117l\u0117 1\/4 1\/4&quot; TORX antgalis: T10, T15, T20, T25, T30, T401\/4&quot; HEX antgalis: H3, H4, H5, H6, H7, H81\/4\u2033 PH bitas: 1, 2, 31\/4 plok\u0161\u010dias antgalis: SL4, SL5.5, SL6.5E-TOX trumpi 1\/4 : E4, E5, E6, E7, E8, E10, E11mmtrumpos galvut\u0117s 1\/2\u2033: 10, 11, 12, 13, 14, 15, 16, 17, 18, 19, 20, 21, 22, 24, 27, 30, 32 mm<br \/>\n6\u00d77,8\u00d79,10\u00d711,12\u00d713,14\u00d715,16\u00d717,18\u00d719,20\u00d722 mmKombinuoti raktai: 6, 7, 8, 9, 10, 11, 12, 13, 14, 17, 19, 22 mm<br \/>\nPhilips PH atsuktuvai: 1\u00d780, 2\u00d7100, 3\u00d7150SL plok\u0161ti atsuktuvai: 4 \u00d7 80, 5,5 \u00d7 125, 6,5 \u00d7 150, 8 \u00d7 200magnetinis teleskopinis griebtuvas 140 \u2013 635mm200 mm atsuktuvas 1\/4 colio antgaliamsrinkinyje 30vnt. 6 mm antgalis: SL: 3,4,5,6 mm;<br \/>\nPH:PH1,PH2,PH2,PH3;PZ:PZ1,PZ2,PZ2,PZ3;HEX:3,4,5,6mm;<br \/>\nTORX:T10,T15,T20,T25,T27,T30,T40;TORXtamperis: T10, T15, T20, T25, T27, T30, T40.6 mm bit\u0173 adapteris 1\/4 colio lizdamsmagnetinis laikiklis su antgali\u0173 fiksavimo sistema.<br \/>\n\u0161onin\u0117s repl\u0117s 165mmprailgintos tiesios repl\u0117s 200mmkombinuotos repl\u0117s 175mmreguliuojamos repl\u0117s 240mmsavaime u\u017esifiksuojan\u010dios repl\u0117s 250mm<\/p>","protected":false},"excerpt":{"rendered":"<p>\u012eranki\u0173 d\u0117\u017e\u0117 su stal\u010diais 1\/4+1\/2 \/ 145dali\u0173<\/p>","protected":false},"featured_media":367686,"comment_status":"open","ping_status":"open","template":"","meta":[],"product_cat":[9943],"product_tag":[10131],"class_list":{"0":"post-371982","1":"product","2":"type-product","3":"status-publish","4":"has-post-thumbnail","6":"product_brand-asta-lenkija","7":"product_cat-vezimeliai-irankiu-spintos","8":"product_tag-asta-lenkija","10":"first","11":"outofstock","12":"purchasable","13":"product-type-simple"},"jetpack_sharing_enabled":true,"_links":{"self":[{"href":"https:\/\/irankiuzona.lt\/ru\/wp-json\/wp\/v2\/product\/371982","targetHints":{"allow":["GET"]}}],"collection":[{"href":"https:\/\/irankiuzona.lt\/ru\/wp-json\/wp\/v2\/product"}],"about":[{"href":"https:\/\/irankiuzona.lt\/ru\/wp-json\/wp\/v2\/types\/product"}],"replies":[{"embeddable":true,"href":"https:\/\/irankiuzona.lt\/ru\/wp-json\/wp\/v2\/comments?post=371982"}],"version-history":[{"count":1,"href":"https:\/\/irankiuzona.lt\/ru\/wp-json\/wp\/v2\/product\/371982\/revisions"}],"predecessor-version":[{"id":425646,"href":"https:\/\/irankiuzona.lt\/ru\/wp-json\/wp\/v2\/product\/371982\/revisions\/425646"}],"wp:featuredmedia":[{"embeddable":true,"href":"https:\/\/irankiuzona.lt\/ru\/wp-json\/wp\/v2\/media\/367686"}],"wp:attachment":[{"href":"https:\/\/irankiuzona.lt\/ru\/wp-json\/wp\/v2\/media?parent=371982"}],"wp:term":[{"taxonomy":"product_cat","embeddable":true,"href":"https:\/\/irankiuzona.lt\/ru\/wp-json\/wp\/v2\/product_cat?post=371982"},{"taxonomy":"product_tag","embeddable":true,"href":"https:\/\/irankiuzona.lt\/ru\/wp-json\/wp\/v2\/product_tag?post=371982"}],"curies":[{"name":"wp","href":"https:\/\/api.w.org\/{rel}","templated":true}]}}