{"id":372014,"date":"2024-11-13T14:19:11","date_gmt":"2024-11-13T14:19:11","guid":{"rendered":"https:\/\/irankiuzona.lt\/product\/vamzdiniu-raktu-komplektas-8-17-mm-5-2\/"},"modified":"2026-04-03T21:52:28","modified_gmt":"2026-04-03T21:52:28","slug":"vamzdiniu-raktu-komplektas-8-17-mm-5-2","status":"publish","type":"product","link":"https:\/\/irankiuzona.lt\/ru\/product\/vamzdiniu-raktu-komplektas-8-17-mm-5-2\/","title":{"rendered":"Vamzdini\u0173 rakt\u0173 komplektas 8-17 mm *5"},"content":{"rendered":"<p>Komplekt\u0105 sudaro: 8, 9, 10, 11, 12, 13, 14, 15, 16, 17 mm<\/p>","protected":false},"excerpt":{"rendered":"<p>Vamzdini\u0173 rakt\u0173 komplektas 8-17 mm *5<\/p>","protected":false},"featured_media":372016,"comment_status":"open","ping_status":"open","template":"","meta":[],"product_cat":[9578],"product_tag":[9628],"class_list":{"0":"post-372014","1":"product","2":"type-product","3":"status-publish","4":"has-post-thumbnail","6":"product_brand-condor-lenkija","7":"product_cat-vamzdiniai-raktai-ju-komplektai","8":"product_tag-condor-lenkija","10":"first","11":"instock","12":"purchasable","13":"product-type-simple"},"jetpack_sharing_enabled":true,"_links":{"self":[{"href":"https:\/\/irankiuzona.lt\/ru\/wp-json\/wp\/v2\/product\/372014","targetHints":{"allow":["GET"]}}],"collection":[{"href":"https:\/\/irankiuzona.lt\/ru\/wp-json\/wp\/v2\/product"}],"about":[{"href":"https:\/\/irankiuzona.lt\/ru\/wp-json\/wp\/v2\/types\/product"}],"replies":[{"embeddable":true,"href":"https:\/\/irankiuzona.lt\/ru\/wp-json\/wp\/v2\/comments?post=372014"}],"version-history":[{"count":0,"href":"https:\/\/irankiuzona.lt\/ru\/wp-json\/wp\/v2\/product\/372014\/revisions"}],"wp:featuredmedia":[{"embeddable":true,"href":"https:\/\/irankiuzona.lt\/ru\/wp-json\/wp\/v2\/media\/372016"}],"wp:attachment":[{"href":"https:\/\/irankiuzona.lt\/ru\/wp-json\/wp\/v2\/media?parent=372014"}],"wp:term":[{"taxonomy":"product_cat","embeddable":true,"href":"https:\/\/irankiuzona.lt\/ru\/wp-json\/wp\/v2\/product_cat?post=372014"},{"taxonomy":"product_tag","embeddable":true,"href":"https:\/\/irankiuzona.lt\/ru\/wp-json\/wp\/v2\/product_tag?post=372014"}],"curies":[{"name":"wp","href":"https:\/\/api.w.org\/{rel}","templated":true}]}}