{"id":372037,"date":"2024-11-13T14:28:19","date_gmt":"2024-11-13T14:28:19","guid":{"rendered":"https:\/\/irankiuzona.lt\/product\/adapteris-sds-max-i-sds-plus-2\/"},"modified":"2026-05-09T11:34:02","modified_gmt":"2026-05-09T11:34:02","slug":"adapteris-sds-max-i-sds-plus-2","status":"publish","type":"product","link":"https:\/\/irankiuzona.lt\/ru\/product\/adapteris-sds-max-i-sds-plus-2\/","title":{"rendered":"Adapteris SDS MAX \u012f SDS PLUS"},"content":{"rendered":"<p>Per\u0117jimas i\u0161 SDS-MAX \u012f SDS-PLUS<\/p>","protected":false},"excerpt":{"rendered":"<p>Adapteris gr\u0105\u017etui SDS MAX \u012f SDS PLUS<\/p>","protected":false},"featured_media":372039,"comment_status":"open","ping_status":"open","template":"","meta":[],"product_cat":[9640],"product_tag":[10162],"class_list":{"0":"post-372037","1":"product","2":"type-product","3":"status-publish","4":"has-post-thumbnail","6":"product_brand-waart-lenkija","7":"product_cat-adapteriai","8":"product_tag-waart-lenkija","10":"first","11":"instock","12":"purchasable","13":"product-type-simple"},"jetpack_sharing_enabled":true,"_links":{"self":[{"href":"https:\/\/irankiuzona.lt\/ru\/wp-json\/wp\/v2\/product\/372037","targetHints":{"allow":["GET"]}}],"collection":[{"href":"https:\/\/irankiuzona.lt\/ru\/wp-json\/wp\/v2\/product"}],"about":[{"href":"https:\/\/irankiuzona.lt\/ru\/wp-json\/wp\/v2\/types\/product"}],"replies":[{"embeddable":true,"href":"https:\/\/irankiuzona.lt\/ru\/wp-json\/wp\/v2\/comments?post=372037"}],"version-history":[{"count":1,"href":"https:\/\/irankiuzona.lt\/ru\/wp-json\/wp\/v2\/product\/372037\/revisions"}],"predecessor-version":[{"id":412045,"href":"https:\/\/irankiuzona.lt\/ru\/wp-json\/wp\/v2\/product\/372037\/revisions\/412045"}],"wp:featuredmedia":[{"embeddable":true,"href":"https:\/\/irankiuzona.lt\/ru\/wp-json\/wp\/v2\/media\/372039"}],"wp:attachment":[{"href":"https:\/\/irankiuzona.lt\/ru\/wp-json\/wp\/v2\/media?parent=372037"}],"wp:term":[{"taxonomy":"product_cat","embeddable":true,"href":"https:\/\/irankiuzona.lt\/ru\/wp-json\/wp\/v2\/product_cat?post=372037"},{"taxonomy":"product_tag","embeddable":true,"href":"https:\/\/irankiuzona.lt\/ru\/wp-json\/wp\/v2\/product_tag?post=372037"}],"curies":[{"name":"wp","href":"https:\/\/api.w.org\/{rel}","templated":true}]}}