{"id":372092,"date":"2024-11-13T14:56:13","date_gmt":"2024-11-13T14:56:13","guid":{"rendered":"https:\/\/irankiuzona.lt\/product\/grezimo-karunele-o68mm-armuota-2\/"},"modified":"2026-04-21T18:33:40","modified_gmt":"2026-04-21T18:33:40","slug":"grezimo-karunele-o68mm-armuota-2","status":"publish","type":"product","link":"https:\/\/irankiuzona.lt\/ru\/product\/grezimo-karunele-o68mm-armuota-2\/","title":{"rendered":"Gr\u0119\u017eimo kar\u016bn\u0117l\u0117 \u00d868mm armuota"},"content":{"rendered":"","protected":false},"excerpt":{"rendered":"<p>Gr\u0119\u017eimo kar\u016bna \u00d868mm su i\u0161pjova, armuota<\/p>","protected":false},"featured_media":372094,"comment_status":"open","ping_status":"open","template":"","meta":[],"product_cat":[9710],"product_tag":[10162],"class_list":{"0":"post-372092","1":"product","2":"type-product","3":"status-publish","4":"has-post-thumbnail","6":"product_brand-waart-lenkija","7":"product_cat-grezimo-karunos-metalui-medziui","8":"product_tag-waart-lenkija","10":"first","11":"outofstock","12":"purchasable","13":"product-type-simple"},"jetpack_sharing_enabled":true,"_links":{"self":[{"href":"https:\/\/irankiuzona.lt\/ru\/wp-json\/wp\/v2\/product\/372092","targetHints":{"allow":["GET"]}}],"collection":[{"href":"https:\/\/irankiuzona.lt\/ru\/wp-json\/wp\/v2\/product"}],"about":[{"href":"https:\/\/irankiuzona.lt\/ru\/wp-json\/wp\/v2\/types\/product"}],"replies":[{"embeddable":true,"href":"https:\/\/irankiuzona.lt\/ru\/wp-json\/wp\/v2\/comments?post=372092"}],"version-history":[{"count":1,"href":"https:\/\/irankiuzona.lt\/ru\/wp-json\/wp\/v2\/product\/372092\/revisions"}],"predecessor-version":[{"id":415541,"href":"https:\/\/irankiuzona.lt\/ru\/wp-json\/wp\/v2\/product\/372092\/revisions\/415541"}],"wp:featuredmedia":[{"embeddable":true,"href":"https:\/\/irankiuzona.lt\/ru\/wp-json\/wp\/v2\/media\/372094"}],"wp:attachment":[{"href":"https:\/\/irankiuzona.lt\/ru\/wp-json\/wp\/v2\/media?parent=372092"}],"wp:term":[{"taxonomy":"product_cat","embeddable":true,"href":"https:\/\/irankiuzona.lt\/ru\/wp-json\/wp\/v2\/product_cat?post=372092"},{"taxonomy":"product_tag","embeddable":true,"href":"https:\/\/irankiuzona.lt\/ru\/wp-json\/wp\/v2\/product_tag?post=372092"}],"curies":[{"name":"wp","href":"https:\/\/api.w.org\/{rel}","templated":true}]}}