{"id":372095,"date":"2024-11-13T14:56:51","date_gmt":"2024-11-13T14:56:51","guid":{"rendered":"https:\/\/irankiuzona.lt\/product\/ipresuotu-torx-antgaliu-komplektas-1-43-8-2\/"},"modified":"2026-04-21T20:32:04","modified_gmt":"2026-04-21T20:32:04","slug":"ipresuotu-torx-antgaliu-komplektas-1-43-8-2","status":"publish","type":"product","link":"https:\/\/irankiuzona.lt\/ru\/product\/ipresuotu-torx-antgaliu-komplektas-1-43-8-2\/","title":{"rendered":"\u012epresuot\u0173 TORX antgali\u0173 komplektas 1\/4+3\/8"},"content":{"rendered":"<p>Komplekte:1\/4 : T8 &#8211; T10 &#8211; T15 &#8211; T20 &#8211; T25 &#8211; T27 &#8211; T303\/8 : T40 &#8211; T45 &#8211; T47 &#8211; T50 &#8211; T55<\/p>","protected":false},"excerpt":{"rendered":"<p>\u012epresuot\u0173 TORX antgali\u0173 komplektas 1\/4+3\/8 (T8-T55)<\/p>","protected":false},"featured_media":242519,"comment_status":"open","ping_status":"open","template":"","meta":[],"product_cat":[9506],"product_tag":[10162],"class_list":{"0":"post-372095","1":"product","2":"type-product","3":"status-publish","4":"has-post-thumbnail","6":"product_brand-waart-lenkija","7":"product_cat-ipresuotu-antgaliu-komplektai","8":"product_tag-waart-lenkija","10":"first","11":"instock","12":"purchasable","13":"product-type-simple"},"jetpack_sharing_enabled":true,"_links":{"self":[{"href":"https:\/\/irankiuzona.lt\/ru\/wp-json\/wp\/v2\/product\/372095","targetHints":{"allow":["GET"]}}],"collection":[{"href":"https:\/\/irankiuzona.lt\/ru\/wp-json\/wp\/v2\/product"}],"about":[{"href":"https:\/\/irankiuzona.lt\/ru\/wp-json\/wp\/v2\/types\/product"}],"replies":[{"embeddable":true,"href":"https:\/\/irankiuzona.lt\/ru\/wp-json\/wp\/v2\/comments?post=372095"}],"version-history":[{"count":1,"href":"https:\/\/irankiuzona.lt\/ru\/wp-json\/wp\/v2\/product\/372095\/revisions"}],"predecessor-version":[{"id":415618,"href":"https:\/\/irankiuzona.lt\/ru\/wp-json\/wp\/v2\/product\/372095\/revisions\/415618"}],"wp:featuredmedia":[{"embeddable":true,"href":"https:\/\/irankiuzona.lt\/ru\/wp-json\/wp\/v2\/media\/242519"}],"wp:attachment":[{"href":"https:\/\/irankiuzona.lt\/ru\/wp-json\/wp\/v2\/media?parent=372095"}],"wp:term":[{"taxonomy":"product_cat","embeddable":true,"href":"https:\/\/irankiuzona.lt\/ru\/wp-json\/wp\/v2\/product_cat?post=372095"},{"taxonomy":"product_tag","embeddable":true,"href":"https:\/\/irankiuzona.lt\/ru\/wp-json\/wp\/v2\/product_tag?post=372095"}],"curies":[{"name":"wp","href":"https:\/\/api.w.org\/{rel}","templated":true}]}}