{"id":372182,"date":"2024-11-13T16:06:04","date_gmt":"2024-11-13T16:06:04","guid":{"rendered":"https:\/\/irankiuzona.lt\/product\/smugine-galvute-3-4-e22-ilga-e-profil\/"},"modified":"2026-04-07T08:07:52","modified_gmt":"2026-04-07T08:07:52","slug":"smugine-galvute-3-4-e22-ilga-e-profil","status":"publish","type":"product","link":"https:\/\/irankiuzona.lt\/ru\/product\/smugine-galvute-3-4-e22-ilga-e-profil\/","title":{"rendered":"Sm\u016bgin\u0117 galvut\u0117 3\/4&quot; E22 ilga (E-profil)"},"content":{"rendered":"<p>Galvut\u0117 ilga Cr-Mo E22 3\/4&quot;Ilgis &#8211; 110 mm MAN Common-Rail-Motoren D20Sunkve\u017eimi\u0173 variklio galvos var\u017etams<\/p>","protected":false},"excerpt":{"rendered":"<p>Sm\u016bgin\u0117 ilga 3\/4 galvut\u0117 E-profil E22 (tx-star)<\/p>","protected":false},"featured_media":372184,"comment_status":"open","ping_status":"open","template":"","meta":[],"product_cat":[9743],"product_tag":[9462],"class_list":{"0":"post-372182","1":"product","2":"type-product","3":"status-publish","4":"has-post-thumbnail","6":"product_brand-condor-werkzeug-vokietija","7":"product_cat-cr-mo-smugines-galvutes-e-profil-torx","8":"product_tag-condor-werkzeug-vokietija","10":"first","11":"instock","12":"purchasable","13":"product-type-simple"},"jetpack_sharing_enabled":true,"_links":{"self":[{"href":"https:\/\/irankiuzona.lt\/ru\/wp-json\/wp\/v2\/product\/372182","targetHints":{"allow":["GET"]}}],"collection":[{"href":"https:\/\/irankiuzona.lt\/ru\/wp-json\/wp\/v2\/product"}],"about":[{"href":"https:\/\/irankiuzona.lt\/ru\/wp-json\/wp\/v2\/types\/product"}],"replies":[{"embeddable":true,"href":"https:\/\/irankiuzona.lt\/ru\/wp-json\/wp\/v2\/comments?post=372182"}],"version-history":[{"count":0,"href":"https:\/\/irankiuzona.lt\/ru\/wp-json\/wp\/v2\/product\/372182\/revisions"}],"wp:featuredmedia":[{"embeddable":true,"href":"https:\/\/irankiuzona.lt\/ru\/wp-json\/wp\/v2\/media\/372184"}],"wp:attachment":[{"href":"https:\/\/irankiuzona.lt\/ru\/wp-json\/wp\/v2\/media?parent=372182"}],"wp:term":[{"taxonomy":"product_cat","embeddable":true,"href":"https:\/\/irankiuzona.lt\/ru\/wp-json\/wp\/v2\/product_cat?post=372182"},{"taxonomy":"product_tag","embeddable":true,"href":"https:\/\/irankiuzona.lt\/ru\/wp-json\/wp\/v2\/product_tag?post=372182"}],"curies":[{"name":"wp","href":"https:\/\/api.w.org\/{rel}","templated":true}]}}