{"id":372203,"date":"2024-11-13T16:09:04","date_gmt":"2024-11-13T16:09:04","guid":{"rendered":"https:\/\/irankiuzona.lt\/product\/gylio-ribotuvai-3-16mm-8vnt\/"},"modified":"2026-04-14T22:39:24","modified_gmt":"2026-04-14T22:39:24","slug":"gylio-ribotuvai-3-16mm-8vnt","status":"publish","type":"product","link":"https:\/\/irankiuzona.lt\/ru\/product\/gylio-ribotuvai-3-16mm-8vnt\/","title":{"rendered":"Gylio ribotuvai 3-16mm 8vnt."},"content":{"rendered":"<p>tinka vis\u0173 tip\u0173 gr\u0119\u017etuvamsGylio ribotuvo dyd\u017eiai:3 mm4 mm5 mm6 mm8 mm10 mm12 mm16 mm<\/p>","protected":false},"excerpt":{"rendered":"<p>Gylio ribotuvai 3-16mm 8vnt.<\/p>","protected":false},"featured_media":372205,"comment_status":"open","ping_status":"open","template":"","meta":[],"product_cat":[10019],"product_tag":[9646],"class_list":{"0":"post-372203","1":"product","2":"type-product","3":"status-publish","4":"has-post-thumbnail","6":"product_brand-drel-lenkija","7":"product_cat-kiti-graztai-rankiniai-greztuvai","8":"product_tag-drel-lenkija","10":"first","11":"instock","12":"purchasable","13":"product-type-simple"},"jetpack_sharing_enabled":true,"_links":{"self":[{"href":"https:\/\/irankiuzona.lt\/ru\/wp-json\/wp\/v2\/product\/372203","targetHints":{"allow":["GET"]}}],"collection":[{"href":"https:\/\/irankiuzona.lt\/ru\/wp-json\/wp\/v2\/product"}],"about":[{"href":"https:\/\/irankiuzona.lt\/ru\/wp-json\/wp\/v2\/types\/product"}],"replies":[{"embeddable":true,"href":"https:\/\/irankiuzona.lt\/ru\/wp-json\/wp\/v2\/comments?post=372203"}],"version-history":[{"count":1,"href":"https:\/\/irankiuzona.lt\/ru\/wp-json\/wp\/v2\/product\/372203\/revisions"}],"predecessor-version":[{"id":425733,"href":"https:\/\/irankiuzona.lt\/ru\/wp-json\/wp\/v2\/product\/372203\/revisions\/425733"}],"wp:featuredmedia":[{"embeddable":true,"href":"https:\/\/irankiuzona.lt\/ru\/wp-json\/wp\/v2\/media\/372205"}],"wp:attachment":[{"href":"https:\/\/irankiuzona.lt\/ru\/wp-json\/wp\/v2\/media?parent=372203"}],"wp:term":[{"taxonomy":"product_cat","embeddable":true,"href":"https:\/\/irankiuzona.lt\/ru\/wp-json\/wp\/v2\/product_cat?post=372203"},{"taxonomy":"product_tag","embeddable":true,"href":"https:\/\/irankiuzona.lt\/ru\/wp-json\/wp\/v2\/product_tag?post=372203"}],"curies":[{"name":"wp","href":"https:\/\/api.w.org\/{rel}","templated":true}]}}