{"id":372212,"date":"2024-11-13T16:09:12","date_gmt":"2024-11-13T16:09:12","guid":{"rendered":"https:\/\/irankiuzona.lt\/product\/profi-irankiu-vezimelis-8-stalciu-su-332-irankiais\/"},"modified":"2026-04-07T08:24:15","modified_gmt":"2026-04-07T08:24:15","slug":"profi-irankiu-vezimelis-8-stalciu-su-332-irankiais","status":"publish","type":"product","link":"https:\/\/irankiuzona.lt\/ru\/product\/profi-irankiu-vezimelis-8-stalciu-su-332-irankiais\/","title":{"rendered":"Profi \u012eranki\u0173 ve\u017eim\u0117lis 8 stal\u010di\u0173 su 332 \u012frankiais"},"content":{"rendered":"<p>6 pilni stal\u010diai \u012franki\u0173 mink\u0161tuose EVA d\u0117kluose. \u0160io ve\u017eim\u0117lio \u012franki\u0173 rinkiniai pavaizduoti \u0161ios prek\u0117s paveiksl\u0117liuose. (332 \u012frankiai)<br \/>\nApie ve\u017eim\u0117l\u012f:8 stal\u010diai (7 plok\u0161ti, 1 didelis)Ner\u016bdijan\u010dio plieno stalvir\u0161is su buteliuk\u0173 laikikliais ir skyreliais smulkioms dalimsVieno stal\u010diaus apkrova: 40 kgStal\u010diai i\u0161traukiami 100%Centrinis u\u017eraktas su 2 rakteliaisabi \u0161onin\u0117s plok\u0161t\u0117s su kvadrato formos skylu\u010di\u0173 ra\u0161tui\u0161tisin\u0117 briaun\u0173 apsauga kampuoseBendra keliamoji galia: 500 kg2 pasukami ratukai su stabd\u017eiu \u00f8 125 mm, 2 fiksuoti ratukai \u00f8 125 mmVidiniai plok\u0161\u010dio stal\u010diaus matmenys: 75 x 568 x 398 mm (auk\u0161tis, ilgis, plotis)Vidiniai i\u0161matavimai didelio stal\u010diaus: 150 x 568 x 398 mm (auk\u0161tis, ilgis, plotis)Ve\u017eim\u0117lio matmenys: 957 x 678 x 459 mm (auk\u0161tis, ilgis, plotis)Svoris (tu\u0161\u010dias): 56 kg<\/p>\n<p>D\u0116MESIO! \u0160IAI PREKEI TAIKOMAS PRISTATYMO MOKESTIS.<\/p>","protected":false},"excerpt":{"rendered":"<p>Profesionalus \u012franki\u0173 ve\u017eim\u0117lis 8stal\u010di\u0173, su 332 \u012frankiais CONDOR-7040\/L08<\/p>","protected":false},"featured_media":372214,"comment_status":"open","ping_status":"closed","template":"","meta":[],"product_cat":[9943],"product_tag":[9462],"class_list":{"0":"post-372212","1":"product","2":"type-product","3":"status-publish","4":"has-post-thumbnail","6":"product_brand-condor-werkzeug-vokietija","7":"product_cat-vezimeliai-irankiu-spintos","8":"product_tag-condor-werkzeug-vokietija","10":"first","11":"instock","12":"purchasable","13":"product-type-simple"},"jetpack_sharing_enabled":true,"_links":{"self":[{"href":"https:\/\/irankiuzona.lt\/ru\/wp-json\/wp\/v2\/product\/372212","targetHints":{"allow":["GET"]}}],"collection":[{"href":"https:\/\/irankiuzona.lt\/ru\/wp-json\/wp\/v2\/product"}],"about":[{"href":"https:\/\/irankiuzona.lt\/ru\/wp-json\/wp\/v2\/types\/product"}],"replies":[{"embeddable":true,"href":"https:\/\/irankiuzona.lt\/ru\/wp-json\/wp\/v2\/comments?post=372212"}],"version-history":[{"count":0,"href":"https:\/\/irankiuzona.lt\/ru\/wp-json\/wp\/v2\/product\/372212\/revisions"}],"wp:featuredmedia":[{"embeddable":true,"href":"https:\/\/irankiuzona.lt\/ru\/wp-json\/wp\/v2\/media\/372214"}],"wp:attachment":[{"href":"https:\/\/irankiuzona.lt\/ru\/wp-json\/wp\/v2\/media?parent=372212"}],"wp:term":[{"taxonomy":"product_cat","embeddable":true,"href":"https:\/\/irankiuzona.lt\/ru\/wp-json\/wp\/v2\/product_cat?post=372212"},{"taxonomy":"product_tag","embeddable":true,"href":"https:\/\/irankiuzona.lt\/ru\/wp-json\/wp\/v2\/product_tag?post=372212"}],"curies":[{"name":"wp","href":"https:\/\/api.w.org\/{rel}","templated":true}]}}