{"id":372291,"date":"2024-11-15T15:59:27","date_gmt":"2024-11-15T15:59:27","guid":{"rendered":"https:\/\/irankiuzona.lt\/product\/akumuliatorinis-verzliasukis-1-2-1600nm-18v-50ah\/"},"modified":"2026-02-05T18:50:38","modified_gmt":"2026-02-05T18:50:38","slug":"akumuliatorinis-verzliasukis-1-2-1600nm-18v-50ah","status":"publish","type":"product","link":"https:\/\/irankiuzona.lt\/ru\/product\/akumuliatorinis-verzliasukis-1-2-1600nm-18v-50ah\/","title":{"rendered":"Akumuliatorinis ver\u017eliasukis 1\/2 1600Nm 18V 5,0Ah"},"content":{"rendered":"<p>DW-406A yra dar vienas garsaus \u012franki\u0173 gamintojo modelis, pasi\u017eymintis efektyviu be\u0161epet\u0117liu varikliu, maitinamu li\u010dio jon\u0173 baterijomis. Auk\u0161tos klas\u0117s akumuliatorius, maitinamas Samsung elementais, suteikia ne tik mobilumo ir patogumo, bet ir gali\u0105, prilygstan\u010di\u0105 tinklo sprendimams. Ma\u017eas rakto svoris (tik 2,0 kg be akumuliatoriaus ir 2,76 kg su 5Ah akumuliatoriumi) pateisina naudotoj\u0173 l\u016bkes\u010dius darbo komforto po\u017ei\u016briu, nepakenkiant naudojam\u0173 med\u017eiag\u0173 stiprumui.Didelis 1600 Nm sukimo momentas atsukant u\u017etikrina patikim\u0105 sm\u016bgio mechanizm\u0105. Naudojam\u0173 med\u017eiag\u0173 kokyb\u0117 garantuoja patikim\u0105 veikim\u0105 ir pasitenkinim\u0105 atlikta veikla. Ver\u017eliaraktis turi trij\u0173 pakop\u0173 priver\u017eimo j\u0117gos reguliavim\u0105, kad pritaikymo sritis b\u016bt\u0173 kuo platesn\u0117. Siekiant u\u017etikrinti kuo ilgesn\u012f raktelio ir akumuliatoriaus veikim\u0105 be gedim\u0173, atsukimas visada atliekamas did\u017eiausiu grei\u010diu i\u0161laikant maksimal\u0173 sukimo moment\u0105.AUTSTOP funkcijaAutomatinis variklio ma\u017einimo ir veleno sustabdymo funkcija padeda i\u0161laikyti ver\u017el\u0117s\/var\u017eto tvirtinimo kontrol\u0119 Sm\u016bginis ver\u017eliaraktis Mighty Seven DW-406 yra dar vienas M7 belaid\u017ei\u0173 elektrini\u0173 \u012franki\u0173, maitinam\u0173 18 V, DB-1825 ir DB-1850 baterijomis, \u0161eimos produktas. Viena baterija maitina daugyb\u0119 dirbtuv\u0117se ir u\u017e jos rib\u0173 naudojam\u0173 \u012frengini\u0173, toki\u0173 kaip gr\u0105\u017etai, sm\u016bginiai ver\u017eliarak\u010diai, slankiojamieji pj\u016bklai ir akumuliatoriaus knied\u0117s.<br \/>\nKomplekte:2 baterijos, kuri\u0173 talpa 5Ah\u012ekroviklisViskas patogiame M7 d\u0117klePridedamas dir\u017eo segtukas<\/p>","protected":false},"excerpt":{"rendered":"<p>Akumuliatorinis ver\u017eliasukis 1\/2 1600Nm 18V 5,0Ah<\/p>","protected":false},"featured_media":372293,"comment_status":"open","ping_status":"open","template":"","meta":[],"product_cat":[10114],"product_tag":[9875],"class_list":{"0":"post-372291","1":"product","2":"type-product","3":"status-publish","4":"has-post-thumbnail","6":"product_brand-mighty-seven-m7","7":"product_cat-1-2-smuginiai-akumuliatoriniai-verzliasukiai","8":"product_tag-mighty-seven-m7","10":"first","11":"outofstock","12":"purchasable","13":"product-type-simple"},"jetpack_sharing_enabled":true,"_links":{"self":[{"href":"https:\/\/irankiuzona.lt\/ru\/wp-json\/wp\/v2\/product\/372291","targetHints":{"allow":["GET"]}}],"collection":[{"href":"https:\/\/irankiuzona.lt\/ru\/wp-json\/wp\/v2\/product"}],"about":[{"href":"https:\/\/irankiuzona.lt\/ru\/wp-json\/wp\/v2\/types\/product"}],"replies":[{"embeddable":true,"href":"https:\/\/irankiuzona.lt\/ru\/wp-json\/wp\/v2\/comments?post=372291"}],"version-history":[{"count":1,"href":"https:\/\/irankiuzona.lt\/ru\/wp-json\/wp\/v2\/product\/372291\/revisions"}],"predecessor-version":[{"id":425719,"href":"https:\/\/irankiuzona.lt\/ru\/wp-json\/wp\/v2\/product\/372291\/revisions\/425719"}],"wp:featuredmedia":[{"embeddable":true,"href":"https:\/\/irankiuzona.lt\/ru\/wp-json\/wp\/v2\/media\/372293"}],"wp:attachment":[{"href":"https:\/\/irankiuzona.lt\/ru\/wp-json\/wp\/v2\/media?parent=372291"}],"wp:term":[{"taxonomy":"product_cat","embeddable":true,"href":"https:\/\/irankiuzona.lt\/ru\/wp-json\/wp\/v2\/product_cat?post=372291"},{"taxonomy":"product_tag","embeddable":true,"href":"https:\/\/irankiuzona.lt\/ru\/wp-json\/wp\/v2\/product_tag?post=372291"}],"curies":[{"name":"wp","href":"https:\/\/api.w.org\/{rel}","templated":true}]}}