{"id":372352,"date":"2024-11-26T11:15:09","date_gmt":"2024-11-26T11:15:09","guid":{"rendered":"https:\/\/irankiuzona.lt\/product\/profi-raktas-sesiakampis-l-formos-5mm\/"},"modified":"2026-04-16T07:04:12","modified_gmt":"2026-04-16T07:04:12","slug":"profi-raktas-sesiakampis-l-formos-5mm","status":"publish","type":"product","link":"https:\/\/irankiuzona.lt\/ru\/product\/profi-raktas-sesiakampis-l-formos-5mm\/","title":{"rendered":"PROFI Raktas \u0161e\u0161iakampis L-formos 5mm"},"content":{"rendered":"","protected":false},"excerpt":{"rendered":"<p>Raktas \u0161e\u0161iakampis L-formos 5mm<\/p>","protected":false},"featured_media":372354,"comment_status":"open","ping_status":"open","template":"","meta":[],"product_cat":[9882],"product_tag":[9778],"class_list":{"0":"post-372352","1":"product","2":"type-product","3":"status-publish","4":"has-post-thumbnail","6":"product_brand-triumf-professional-tools-slovakija","7":"product_cat-l-formos-hex-raktai","8":"product_tag-triumf-professional-tools-slovakija","10":"first","11":"instock","12":"purchasable","13":"product-type-simple"},"jetpack_sharing_enabled":true,"_links":{"self":[{"href":"https:\/\/irankiuzona.lt\/ru\/wp-json\/wp\/v2\/product\/372352","targetHints":{"allow":["GET"]}}],"collection":[{"href":"https:\/\/irankiuzona.lt\/ru\/wp-json\/wp\/v2\/product"}],"about":[{"href":"https:\/\/irankiuzona.lt\/ru\/wp-json\/wp\/v2\/types\/product"}],"replies":[{"embeddable":true,"href":"https:\/\/irankiuzona.lt\/ru\/wp-json\/wp\/v2\/comments?post=372352"}],"version-history":[{"count":1,"href":"https:\/\/irankiuzona.lt\/ru\/wp-json\/wp\/v2\/product\/372352\/revisions"}],"predecessor-version":[{"id":420988,"href":"https:\/\/irankiuzona.lt\/ru\/wp-json\/wp\/v2\/product\/372352\/revisions\/420988"}],"wp:featuredmedia":[{"embeddable":true,"href":"https:\/\/irankiuzona.lt\/ru\/wp-json\/wp\/v2\/media\/372354"}],"wp:attachment":[{"href":"https:\/\/irankiuzona.lt\/ru\/wp-json\/wp\/v2\/media?parent=372352"}],"wp:term":[{"taxonomy":"product_cat","embeddable":true,"href":"https:\/\/irankiuzona.lt\/ru\/wp-json\/wp\/v2\/product_cat?post=372352"},{"taxonomy":"product_tag","embeddable":true,"href":"https:\/\/irankiuzona.lt\/ru\/wp-json\/wp\/v2\/product_tag?post=372352"}],"curies":[{"name":"wp","href":"https:\/\/api.w.org\/{rel}","templated":true}]}}