{"id":372367,"date":"2024-11-26T11:48:01","date_gmt":"2024-11-26T11:48:01","guid":{"rendered":"https:\/\/irankiuzona.lt\/product\/generatorius-inverterinis-benzininis-2300w\/"},"modified":"2026-05-15T01:04:07","modified_gmt":"2026-05-15T01:04:07","slug":"generatorius-inverterinis-benzininis-2300w","status":"publish","type":"product","link":"https:\/\/irankiuzona.lt\/ru\/product\/generatorius-inverterinis-benzininis-2300w\/","title":{"rendered":"Generatorius inverterinis benzininis 2300W"},"content":{"rendered":"<p>Generatorius elektros benzininisTipas Elektros generatorius 2.3 kWVardinis da\u017enis (Hz) 50HzNominali \u012ftampa (AC) 230VNominali i\u0161\u0117jimo galia (kW) 2.0Did\u017eiausia i\u0161\u0117jimo galia (kW) 2.3100% vario apvijaGalios koeficientas 1.0\u012ekrovimo \u012ftampa (DC) (V) 12.0\u012ekrovimo srov\u0117 (DC) (A) 8.3Apsauga nuo perkrovos (DC) 10.0Faz\u0117 1 Vienfaz\u0117Variklis SA168F-1Variklio tipas Vieno cilindro, 4 takt\u0173, oru au\u0161inamas, tiesioginis \u012fpur\u0161kimasTalpa (cc) 196Kuro tipas Be\u0161vinis benzinasGalia (AG) 6.5Greitis (rpm) 3000Kuro bako talpa (L) 15Kuro s\u0105naudos (g\/kW) 394Nepertraukiamo veikimo laikas (esant vardinei galiai) (h) 4.7Alyvos talpa (L) 0.6U\u017edegimo \u017evak\u0117s modelis F7TCPaleidimo re\u017eimas Rankinis paleidimasAnga x eiga (mm) 68\u00d754\u012etampos sistema Kondensatori\u0173 kompensavimo sistemaSu\u017eadinimas Savaiminio su\u017eadinimo \u012ftampaAutomatinis \u012ftampos reguliatorius (AVR) TaipIlgis \u00d7 Plotis \u00d7 Auk\u0161tis (mm) 600x435x435Grynasis svoris (kg) 36<\/p>","protected":false},"excerpt":{"rendered":"<p>INVERTERINIS GENERATORIUS 2.3 KW 230V \/ SATRA<\/p>","protected":false},"featured_media":372369,"comment_status":"open","ping_status":"open","template":"","meta":[],"product_cat":[10132],"product_tag":[10130],"class_list":{"0":"post-372367","1":"product","2":"type-product","3":"status-publish","4":"has-post-thumbnail","6":"product_brand-satra-lenkija","7":"product_cat-generatoriai","8":"product_tag-satra-lenkija","10":"first","11":"outofstock","12":"purchasable","13":"product-type-simple"},"jetpack_sharing_enabled":true,"_links":{"self":[{"href":"https:\/\/irankiuzona.lt\/ru\/wp-json\/wp\/v2\/product\/372367","targetHints":{"allow":["GET"]}}],"collection":[{"href":"https:\/\/irankiuzona.lt\/ru\/wp-json\/wp\/v2\/product"}],"about":[{"href":"https:\/\/irankiuzona.lt\/ru\/wp-json\/wp\/v2\/types\/product"}],"replies":[{"embeddable":true,"href":"https:\/\/irankiuzona.lt\/ru\/wp-json\/wp\/v2\/comments?post=372367"}],"version-history":[{"count":1,"href":"https:\/\/irankiuzona.lt\/ru\/wp-json\/wp\/v2\/product\/372367\/revisions"}],"predecessor-version":[{"id":424204,"href":"https:\/\/irankiuzona.lt\/ru\/wp-json\/wp\/v2\/product\/372367\/revisions\/424204"}],"wp:featuredmedia":[{"embeddable":true,"href":"https:\/\/irankiuzona.lt\/ru\/wp-json\/wp\/v2\/media\/372369"}],"wp:attachment":[{"href":"https:\/\/irankiuzona.lt\/ru\/wp-json\/wp\/v2\/media?parent=372367"}],"wp:term":[{"taxonomy":"product_cat","embeddable":true,"href":"https:\/\/irankiuzona.lt\/ru\/wp-json\/wp\/v2\/product_cat?post=372367"},{"taxonomy":"product_tag","embeddable":true,"href":"https:\/\/irankiuzona.lt\/ru\/wp-json\/wp\/v2\/product_tag?post=372367"}],"curies":[{"name":"wp","href":"https:\/\/api.w.org\/{rel}","templated":true}]}}