{"id":372373,"date":"2024-11-26T11:55:45","date_gmt":"2024-11-26T11:55:45","guid":{"rendered":"https:\/\/irankiuzona.lt\/product\/sulankstomas-transportavimo-vezimelis-max-90kg\/"},"modified":"2026-04-11T01:02:24","modified_gmt":"2026-04-11T01:02:24","slug":"sulankstomas-transportavimo-vezimelis-max-90kg","status":"publish","type":"product","link":"https:\/\/irankiuzona.lt\/ru\/product\/sulankstomas-transportavimo-vezimelis-max-90kg\/","title":{"rendered":"Sulankstomas transportavimo ve\u017eim\u0117lis max.90kg"},"content":{"rendered":"<p>Svoris: 4,4kgMaksimali apkrova: iki 90kgBendras dydis-395 \u00d7 410 \u00d7 1080 mm<\/p>","protected":false},"excerpt":{"rendered":"<p>Sulankstomas transportavimo ve\u017eim\u0117lis max.90kg<\/p>","protected":false},"featured_media":372375,"comment_status":"open","ping_status":"open","template":"","meta":[],"product_cat":[9670],"product_tag":[10151],"class_list":{"0":"post-372373","1":"product","2":"type-product","3":"status-publish","4":"has-post-thumbnail","6":"product_brand-lenkija-tiekejas","7":"product_cat-transportavimo-vezimai","8":"product_tag-lenkija-tiekejas","10":"first","11":"outofstock","12":"purchasable","13":"product-type-simple"},"jetpack_sharing_enabled":true,"_links":{"self":[{"href":"https:\/\/irankiuzona.lt\/ru\/wp-json\/wp\/v2\/product\/372373","targetHints":{"allow":["GET"]}}],"collection":[{"href":"https:\/\/irankiuzona.lt\/ru\/wp-json\/wp\/v2\/product"}],"about":[{"href":"https:\/\/irankiuzona.lt\/ru\/wp-json\/wp\/v2\/types\/product"}],"replies":[{"embeddable":true,"href":"https:\/\/irankiuzona.lt\/ru\/wp-json\/wp\/v2\/comments?post=372373"}],"version-history":[{"count":1,"href":"https:\/\/irankiuzona.lt\/ru\/wp-json\/wp\/v2\/product\/372373\/revisions"}],"predecessor-version":[{"id":424902,"href":"https:\/\/irankiuzona.lt\/ru\/wp-json\/wp\/v2\/product\/372373\/revisions\/424902"}],"wp:featuredmedia":[{"embeddable":true,"href":"https:\/\/irankiuzona.lt\/ru\/wp-json\/wp\/v2\/media\/372375"}],"wp:attachment":[{"href":"https:\/\/irankiuzona.lt\/ru\/wp-json\/wp\/v2\/media?parent=372373"}],"wp:term":[{"taxonomy":"product_cat","embeddable":true,"href":"https:\/\/irankiuzona.lt\/ru\/wp-json\/wp\/v2\/product_cat?post=372373"},{"taxonomy":"product_tag","embeddable":true,"href":"https:\/\/irankiuzona.lt\/ru\/wp-json\/wp\/v2\/product_tag?post=372373"}],"curies":[{"name":"wp","href":"https:\/\/api.w.org\/{rel}","templated":true}]}}