{"id":372400,"date":"2024-11-26T11:59:29","date_gmt":"2024-11-26T11:59:29","guid":{"rendered":"https:\/\/irankiuzona.lt\/product\/repliu-komplektas-profi-3daliu\/"},"modified":"2026-04-11T10:04:50","modified_gmt":"2026-04-11T10:04:50","slug":"repliu-komplektas-profi-3daliu","status":"publish","type":"product","link":"https:\/\/irankiuzona.lt\/ru\/product\/repliu-komplektas-profi-3daliu\/","title":{"rendered":"Repli\u0173 komplektas profi 3dali\u0173"},"content":{"rendered":"<p>\u0160oninio kirpimo repl\u0117s 165mmIlganos\u0117s repl\u0117s 200mmUniversalios kombinuotos repl\u0117s 200mm<\/p>","protected":false},"excerpt":{"rendered":"<p>CONDOR \u012fvairi\u0173 repli\u0173 komplektas 3-j\u0173 dali\u0173<\/p>","protected":false},"featured_media":372402,"comment_status":"open","ping_status":"closed","template":"","meta":[],"product_cat":[9995],"product_tag":[9462],"class_list":{"0":"post-372400","1":"product","2":"type-product","3":"status-publish","4":"has-post-thumbnail","6":"product_brand-condor-werkzeug-vokietija","7":"product_cat-reples-repliu-komplektai-zirkles-skardai-specializuotos-reples","8":"product_tag-condor-werkzeug-vokietija","10":"first","11":"outofstock","12":"purchasable","13":"product-type-simple"},"jetpack_sharing_enabled":true,"_links":{"self":[{"href":"https:\/\/irankiuzona.lt\/ru\/wp-json\/wp\/v2\/product\/372400","targetHints":{"allow":["GET"]}}],"collection":[{"href":"https:\/\/irankiuzona.lt\/ru\/wp-json\/wp\/v2\/product"}],"about":[{"href":"https:\/\/irankiuzona.lt\/ru\/wp-json\/wp\/v2\/types\/product"}],"replies":[{"embeddable":true,"href":"https:\/\/irankiuzona.lt\/ru\/wp-json\/wp\/v2\/comments?post=372400"}],"version-history":[{"count":1,"href":"https:\/\/irankiuzona.lt\/ru\/wp-json\/wp\/v2\/product\/372400\/revisions"}],"predecessor-version":[{"id":425244,"href":"https:\/\/irankiuzona.lt\/ru\/wp-json\/wp\/v2\/product\/372400\/revisions\/425244"}],"wp:featuredmedia":[{"embeddable":true,"href":"https:\/\/irankiuzona.lt\/ru\/wp-json\/wp\/v2\/media\/372402"}],"wp:attachment":[{"href":"https:\/\/irankiuzona.lt\/ru\/wp-json\/wp\/v2\/media?parent=372400"}],"wp:term":[{"taxonomy":"product_cat","embeddable":true,"href":"https:\/\/irankiuzona.lt\/ru\/wp-json\/wp\/v2\/product_cat?post=372400"},{"taxonomy":"product_tag","embeddable":true,"href":"https:\/\/irankiuzona.lt\/ru\/wp-json\/wp\/v2\/product_tag?post=372400"}],"curies":[{"name":"wp","href":"https:\/\/api.w.org\/{rel}","templated":true}]}}