{"id":372427,"date":"2024-11-26T12:04:30","date_gmt":"2024-11-26T12:04:30","guid":{"rendered":"https:\/\/irankiuzona.lt\/product\/plastiko-litavimo-aparatas-5v-ikraunamas-su-kabemis\/"},"modified":"2026-05-16T16:25:02","modified_gmt":"2026-05-16T16:25:02","slug":"plastiko-litavimo-aparatas-5v-ikraunamas-su-kabemis","status":"publish","type":"product","link":"https:\/\/irankiuzona.lt\/ru\/product\/plastiko-litavimo-aparatas-5v-ikraunamas-su-kabemis\/","title":{"rendered":"Plastiko litavimo aparatas 5V (\u012fkraunamas) su kab\u0117mis"},"content":{"rendered":"<p>belaidis;\u012ftampa: DC5 V2A;baterija: li\u010dio jon\u0173;akumuliatoriaus talpa: 4000 mAh;\u012fkrovimas per USB-C prievad\u0105;\u012fkrovimo laikas: 3-4 valandosmaksimali \u0161ildymo temperat\u016bra: 600 \u00b0C;<\/p>","protected":false},"excerpt":{"rendered":"<p>Plastiko litavimo aparatas 5V (\u012fkraunamas) su kab\u0117mis<\/p>","protected":false},"featured_media":372429,"comment_status":"open","ping_status":"open","template":"","meta":[],"product_cat":[9878],"product_tag":[10151],"class_list":{"0":"post-372427","1":"product","2":"type-product","3":"status-publish","4":"has-post-thumbnail","6":"product_brand-lenkija-tiekejas","7":"product_cat-plastmases-litavimas","8":"product_tag-lenkija-tiekejas","10":"first","11":"instock","12":"purchasable","13":"product-type-simple"},"jetpack_sharing_enabled":true,"_links":{"self":[{"href":"https:\/\/irankiuzona.lt\/ru\/wp-json\/wp\/v2\/product\/372427","targetHints":{"allow":["GET"]}}],"collection":[{"href":"https:\/\/irankiuzona.lt\/ru\/wp-json\/wp\/v2\/product"}],"about":[{"href":"https:\/\/irankiuzona.lt\/ru\/wp-json\/wp\/v2\/types\/product"}],"replies":[{"embeddable":true,"href":"https:\/\/irankiuzona.lt\/ru\/wp-json\/wp\/v2\/comments?post=372427"}],"version-history":[{"count":1,"href":"https:\/\/irankiuzona.lt\/ru\/wp-json\/wp\/v2\/product\/372427\/revisions"}],"predecessor-version":[{"id":425717,"href":"https:\/\/irankiuzona.lt\/ru\/wp-json\/wp\/v2\/product\/372427\/revisions\/425717"}],"wp:featuredmedia":[{"embeddable":true,"href":"https:\/\/irankiuzona.lt\/ru\/wp-json\/wp\/v2\/media\/372429"}],"wp:attachment":[{"href":"https:\/\/irankiuzona.lt\/ru\/wp-json\/wp\/v2\/media?parent=372427"}],"wp:term":[{"taxonomy":"product_cat","embeddable":true,"href":"https:\/\/irankiuzona.lt\/ru\/wp-json\/wp\/v2\/product_cat?post=372427"},{"taxonomy":"product_tag","embeddable":true,"href":"https:\/\/irankiuzona.lt\/ru\/wp-json\/wp\/v2\/product_tag?post=372427"}],"curies":[{"name":"wp","href":"https:\/\/api.w.org\/{rel}","templated":true}]}}