{"id":372430,"date":"2024-11-26T12:04:32","date_gmt":"2024-11-26T12:04:32","guid":{"rendered":"https:\/\/irankiuzona.lt\/product\/pneumatine-terksle-mini-1-4-54nm-kampine\/"},"modified":"2026-05-16T12:13:36","modified_gmt":"2026-05-16T12:13:36","slug":"pneumatine-terksle-mini-1-4-54nm-kampine","status":"publish","type":"product","link":"https:\/\/irankiuzona.lt\/ru\/product\/pneumatine-terksle-mini-1-4-54nm-kampine\/","title":{"rendered":"Pneumatin\u0117 terk\u0161l\u0117 mini 1\/4&#8242; 54Nm kampin\u0117"},"content":{"rendered":"<p>Itin ma\u017eas korpusas, kur\u012f galima suimti viena ranka.Kompakti\u0161kas dydis leid\u017eia geriau pasiekti ank\u0161tas vietas.<br \/>\nVer\u017eliasukio dydis -1\/4&quot;Sukimo momento diapazonas 7.0-47.0 (Nm)Maksimalus sukimo momentas 54.0 (Nm)Laisvi s\u016bkiai per minut\u0119 1000 (R.P.M)Oro sl\u0117gis barais 90 (PSI) \/ 6.3 (bar)Garso sl\u0117gio 80.0 (dBA)Svoris 0.65KG<\/p>","protected":false},"excerpt":{"rendered":"<p>Pneumatin\u0117 terk\u0161l\u0117 mini 1\/4&#8242; 54Nm kampin\u0117<\/p>","protected":false},"featured_media":372432,"comment_status":"open","ping_status":"open","template":"","meta":[],"product_cat":[9666],"product_tag":[9875],"class_list":{"0":"post-372430","1":"product","2":"type-product","3":"status-publish","4":"has-post-thumbnail","6":"product_brand-mighty-seven-m7","7":"product_cat-pneumo-rankenos-terksles","8":"product_tag-mighty-seven-m7","10":"first","11":"outofstock","12":"purchasable","13":"product-type-simple"},"jetpack_sharing_enabled":true,"_links":{"self":[{"href":"https:\/\/irankiuzona.lt\/ru\/wp-json\/wp\/v2\/product\/372430","targetHints":{"allow":["GET"]}}],"collection":[{"href":"https:\/\/irankiuzona.lt\/ru\/wp-json\/wp\/v2\/product"}],"about":[{"href":"https:\/\/irankiuzona.lt\/ru\/wp-json\/wp\/v2\/types\/product"}],"replies":[{"embeddable":true,"href":"https:\/\/irankiuzona.lt\/ru\/wp-json\/wp\/v2\/comments?post=372430"}],"version-history":[{"count":1,"href":"https:\/\/irankiuzona.lt\/ru\/wp-json\/wp\/v2\/product\/372430\/revisions"}],"predecessor-version":[{"id":425718,"href":"https:\/\/irankiuzona.lt\/ru\/wp-json\/wp\/v2\/product\/372430\/revisions\/425718"}],"wp:featuredmedia":[{"embeddable":true,"href":"https:\/\/irankiuzona.lt\/ru\/wp-json\/wp\/v2\/media\/372432"}],"wp:attachment":[{"href":"https:\/\/irankiuzona.lt\/ru\/wp-json\/wp\/v2\/media?parent=372430"}],"wp:term":[{"taxonomy":"product_cat","embeddable":true,"href":"https:\/\/irankiuzona.lt\/ru\/wp-json\/wp\/v2\/product_cat?post=372430"},{"taxonomy":"product_tag","embeddable":true,"href":"https:\/\/irankiuzona.lt\/ru\/wp-json\/wp\/v2\/product_tag?post=372430"}],"curies":[{"name":"wp","href":"https:\/\/api.w.org\/{rel}","templated":true}]}}