{"id":372493,"date":"2024-11-26T12:06:32","date_gmt":"2024-11-26T12:06:32","guid":{"rendered":"https:\/\/irankiuzona.lt\/product\/smuginiu-1-4-3-8-antgaliu-komplektas-6-19mm-cr-mo-9vnt\/"},"modified":"2026-04-14T18:54:55","modified_gmt":"2026-04-14T18:54:55","slug":"smuginiu-1-4-3-8-antgaliu-komplektas-6-19mm-cr-mo-9vnt","status":"publish","type":"product","link":"https:\/\/irankiuzona.lt\/ru\/product\/smuginiu-1-4-3-8-antgaliu-komplektas-6-19mm-cr-mo-9vnt\/","title":{"rendered":"Sm\u016bgini\u0173 1\/4-3\/8&#8242; antgali\u0173 komplektas 6-19mm Cr-Mo \/ 9vnt"},"content":{"rendered":"<p>1\/4&quot; \u2013 auk\u0161tis: 20 mm 6, 7, 8, 10 mm dyd\u017ei\u0173<br \/>\n3\/8&quot; \u2013 auk\u0161tis: 28 mm 12, 14, 17, 18, 19 mm dyd\u017ei\u0173<\/p>","protected":false},"excerpt":{"rendered":"<p>Sm\u016bgini\u0173 1\/4-3\/8&#8242; antgali\u0173 komplektas Cr-Mo \/ 9vnt<\/p>","protected":false},"featured_media":372495,"comment_status":"open","ping_status":"open","template":"","meta":[],"product_cat":[9682],"product_tag":[10131],"class_list":{"0":"post-372493","1":"product","2":"type-product","3":"status-publish","4":"has-post-thumbnail","6":"product_brand-asta-lenkija","7":"product_cat-smuginiu-cr-mo-antgaliu-komplektai","8":"product_tag-asta-lenkija","10":"first","11":"instock","12":"purchasable","13":"product-type-simple"},"jetpack_sharing_enabled":true,"_links":{"self":[{"href":"https:\/\/irankiuzona.lt\/ru\/wp-json\/wp\/v2\/product\/372493","targetHints":{"allow":["GET"]}}],"collection":[{"href":"https:\/\/irankiuzona.lt\/ru\/wp-json\/wp\/v2\/product"}],"about":[{"href":"https:\/\/irankiuzona.lt\/ru\/wp-json\/wp\/v2\/types\/product"}],"replies":[{"embeddable":true,"href":"https:\/\/irankiuzona.lt\/ru\/wp-json\/wp\/v2\/comments?post=372493"}],"version-history":[{"count":1,"href":"https:\/\/irankiuzona.lt\/ru\/wp-json\/wp\/v2\/product\/372493\/revisions"}],"predecessor-version":[{"id":425764,"href":"https:\/\/irankiuzona.lt\/ru\/wp-json\/wp\/v2\/product\/372493\/revisions\/425764"}],"wp:featuredmedia":[{"embeddable":true,"href":"https:\/\/irankiuzona.lt\/ru\/wp-json\/wp\/v2\/media\/372495"}],"wp:attachment":[{"href":"https:\/\/irankiuzona.lt\/ru\/wp-json\/wp\/v2\/media?parent=372493"}],"wp:term":[{"taxonomy":"product_cat","embeddable":true,"href":"https:\/\/irankiuzona.lt\/ru\/wp-json\/wp\/v2\/product_cat?post=372493"},{"taxonomy":"product_tag","embeddable":true,"href":"https:\/\/irankiuzona.lt\/ru\/wp-json\/wp\/v2\/product_tag?post=372493"}],"curies":[{"name":"wp","href":"https:\/\/api.w.org\/{rel}","templated":true}]}}