{"id":372654,"date":"2024-12-05T16:00:30","date_gmt":"2024-12-05T16:00:30","guid":{"rendered":"https:\/\/irankiuzona.lt\/product\/smeliasrove-su-virsutiniu-bakeliu-600ml\/"},"modified":"2026-04-15T17:59:13","modified_gmt":"2026-04-15T17:59:13","slug":"smeliasrove-su-virsutiniu-bakeliu-600ml","status":"publish","type":"product","link":"https:\/\/irankiuzona.lt\/ru\/product\/smeliasrove-su-virsutiniu-bakeliu-600ml\/","title":{"rendered":"Sm\u0117liasrov\u0117 su vir\u0161utiniu bakeliu 600ml"},"content":{"rendered":"<p>Talpa: 600mlDarbinis sl\u0117gis: 90PSI (6,2bar)Oro jungtis: 1\/4&quot;Svoris: 0,5kg<\/p>","protected":false},"excerpt":{"rendered":"<p>KD10679 Sm\u0117liasrov\u0117 su vir\u0161utiniu bakeliu 600ml talpos, 1\/4&quot; oro jungtis<\/p>","protected":false},"featured_media":372656,"comment_status":"open","ping_status":"open","template":"","meta":[],"product_cat":[9896],"product_tag":[10104],"class_list":{"0":"post-372654","1":"product","2":"type-product","3":"status-publish","4":"has-post-thumbnail","6":"product_brand-kraftdele","7":"product_cat-smeliasroves-irankiai-smeliavimui-plovykles","8":"product_tag-kraftdele","10":"first","11":"outofstock","12":"purchasable","13":"product-type-simple"},"jetpack_sharing_enabled":true,"_links":{"self":[{"href":"https:\/\/irankiuzona.lt\/ru\/wp-json\/wp\/v2\/product\/372654","targetHints":{"allow":["GET"]}}],"collection":[{"href":"https:\/\/irankiuzona.lt\/ru\/wp-json\/wp\/v2\/product"}],"about":[{"href":"https:\/\/irankiuzona.lt\/ru\/wp-json\/wp\/v2\/types\/product"}],"replies":[{"embeddable":true,"href":"https:\/\/irankiuzona.lt\/ru\/wp-json\/wp\/v2\/comments?post=372654"}],"version-history":[{"count":1,"href":"https:\/\/irankiuzona.lt\/ru\/wp-json\/wp\/v2\/product\/372654\/revisions"}],"predecessor-version":[{"id":425793,"href":"https:\/\/irankiuzona.lt\/ru\/wp-json\/wp\/v2\/product\/372654\/revisions\/425793"}],"wp:featuredmedia":[{"embeddable":true,"href":"https:\/\/irankiuzona.lt\/ru\/wp-json\/wp\/v2\/media\/372656"}],"wp:attachment":[{"href":"https:\/\/irankiuzona.lt\/ru\/wp-json\/wp\/v2\/media?parent=372654"}],"wp:term":[{"taxonomy":"product_cat","embeddable":true,"href":"https:\/\/irankiuzona.lt\/ru\/wp-json\/wp\/v2\/product_cat?post=372654"},{"taxonomy":"product_tag","embeddable":true,"href":"https:\/\/irankiuzona.lt\/ru\/wp-json\/wp\/v2\/product_tag?post=372654"}],"curies":[{"name":"wp","href":"https:\/\/api.w.org\/{rel}","templated":true}]}}