{"id":372657,"date":"2024-12-05T16:00:32","date_gmt":"2024-12-05T16:00:32","guid":{"rendered":"https:\/\/irankiuzona.lt\/product\/kompresorius-3-cyl-500l-1960l-min-400v\/"},"modified":"2026-05-15T02:08:04","modified_gmt":"2026-05-15T02:08:04","slug":"kompresorius-3-cyl-500l-1960l-min-400v","status":"publish","type":"product","link":"https:\/\/irankiuzona.lt\/ru\/product\/kompresorius-3-cyl-500l-1960l-min-400v\/","title":{"rendered":"Kompresorius 3-cyl. 500L (1960L\/min) 400V"},"content":{"rendered":"<p>Talpa: 500LNa\u0161umas: max 1960L\/min Na\u0161umas: efektyvus 1395L\/minDarbinis sl\u0117gis: 9barMaitinimas: 400V 50-60HzSrov\u0117: 15AVariklio galia: 10,8kW (14,6hp)Cilindr\u0173\/st\u016bmokli\u0173\u00a0skai\u010dius: 3Garsumas: 95dBSvoris: 260kg<\/p>","protected":false},"excerpt":{"rendered":"<p>KD1413 Suspausto oro kompresorius 500L (1460 L\/min) 400V<\/p>","protected":false},"featured_media":372659,"comment_status":"open","ping_status":"open","template":"","meta":[],"product_cat":[10072],"product_tag":[10104],"class_list":{"0":"post-372657","1":"product","2":"type-product","3":"status-publish","4":"has-post-thumbnail","6":"product_brand-kraftdele","7":"product_cat-kompresoriai","8":"product_tag-kraftdele","10":"first","11":"outofstock","12":"purchasable","13":"product-type-simple"},"jetpack_sharing_enabled":true,"_links":{"self":[{"href":"https:\/\/irankiuzona.lt\/ru\/wp-json\/wp\/v2\/product\/372657","targetHints":{"allow":["GET"]}}],"collection":[{"href":"https:\/\/irankiuzona.lt\/ru\/wp-json\/wp\/v2\/product"}],"about":[{"href":"https:\/\/irankiuzona.lt\/ru\/wp-json\/wp\/v2\/types\/product"}],"replies":[{"embeddable":true,"href":"https:\/\/irankiuzona.lt\/ru\/wp-json\/wp\/v2\/comments?post=372657"}],"version-history":[{"count":1,"href":"https:\/\/irankiuzona.lt\/ru\/wp-json\/wp\/v2\/product\/372657\/revisions"}],"predecessor-version":[{"id":425794,"href":"https:\/\/irankiuzona.lt\/ru\/wp-json\/wp\/v2\/product\/372657\/revisions\/425794"}],"wp:featuredmedia":[{"embeddable":true,"href":"https:\/\/irankiuzona.lt\/ru\/wp-json\/wp\/v2\/media\/372659"}],"wp:attachment":[{"href":"https:\/\/irankiuzona.lt\/ru\/wp-json\/wp\/v2\/media?parent=372657"}],"wp:term":[{"taxonomy":"product_cat","embeddable":true,"href":"https:\/\/irankiuzona.lt\/ru\/wp-json\/wp\/v2\/product_cat?post=372657"},{"taxonomy":"product_tag","embeddable":true,"href":"https:\/\/irankiuzona.lt\/ru\/wp-json\/wp\/v2\/product_tag?post=372657"}],"curies":[{"name":"wp","href":"https:\/\/api.w.org\/{rel}","templated":true}]}}