{"id":372660,"date":"2024-12-05T16:00:34","date_gmt":"2024-12-05T16:00:34","guid":{"rendered":"https:\/\/irankiuzona.lt\/product\/kompresorius-24l-206l-min-230v\/"},"modified":"2026-05-15T03:18:31","modified_gmt":"2026-05-15T03:18:31","slug":"kompresorius-24l-206l-min-230v","status":"publish","type":"product","link":"https:\/\/irankiuzona.lt\/ru\/product\/kompresorius-24l-206l-min-230v\/","title":{"rendered":"Kompresorius 24L (206L\/min) 230V"},"content":{"rendered":"<p>Talpa: 24L Na\u0161umas: 206LMaksimalus sl\u0117gis: 9barDarbinis sl\u0117gis: 8barMaitinimas: 230V\/50HzApsisukimai: 2850 aps.\/minSvoris: 18 kg<\/p>","protected":false},"excerpt":{"rendered":"<p>KD400 Suspausto oro kompresorius 24L (206 L\/min) 230V<\/p>","protected":false},"featured_media":372662,"comment_status":"open","ping_status":"open","template":"","meta":[],"product_cat":[10072],"product_tag":[10104],"class_list":{"0":"post-372660","1":"product","2":"type-product","3":"status-publish","4":"has-post-thumbnail","6":"product_brand-kraftdele","7":"product_cat-kompresoriai","8":"product_tag-kraftdele","10":"first","11":"outofstock","12":"purchasable","13":"product-type-simple"},"jetpack_sharing_enabled":true,"_links":{"self":[{"href":"https:\/\/irankiuzona.lt\/ru\/wp-json\/wp\/v2\/product\/372660","targetHints":{"allow":["GET"]}}],"collection":[{"href":"https:\/\/irankiuzona.lt\/ru\/wp-json\/wp\/v2\/product"}],"about":[{"href":"https:\/\/irankiuzona.lt\/ru\/wp-json\/wp\/v2\/types\/product"}],"replies":[{"embeddable":true,"href":"https:\/\/irankiuzona.lt\/ru\/wp-json\/wp\/v2\/comments?post=372660"}],"version-history":[{"count":1,"href":"https:\/\/irankiuzona.lt\/ru\/wp-json\/wp\/v2\/product\/372660\/revisions"}],"predecessor-version":[{"id":425795,"href":"https:\/\/irankiuzona.lt\/ru\/wp-json\/wp\/v2\/product\/372660\/revisions\/425795"}],"wp:featuredmedia":[{"embeddable":true,"href":"https:\/\/irankiuzona.lt\/ru\/wp-json\/wp\/v2\/media\/372662"}],"wp:attachment":[{"href":"https:\/\/irankiuzona.lt\/ru\/wp-json\/wp\/v2\/media?parent=372660"}],"wp:term":[{"taxonomy":"product_cat","embeddable":true,"href":"https:\/\/irankiuzona.lt\/ru\/wp-json\/wp\/v2\/product_cat?post=372660"},{"taxonomy":"product_tag","embeddable":true,"href":"https:\/\/irankiuzona.lt\/ru\/wp-json\/wp\/v2\/product_tag?post=372660"}],"curies":[{"name":"wp","href":"https:\/\/api.w.org\/{rel}","templated":true}]}}