{"id":372663,"date":"2024-12-05T16:00:36","date_gmt":"2024-12-05T16:00:36","guid":{"rendered":"https:\/\/irankiuzona.lt\/product\/tarpines-zalios-270vnt\/"},"modified":"2026-04-22T10:31:01","modified_gmt":"2026-04-22T10:31:01","slug":"tarpines-zalios-270vnt","status":"publish","type":"product","link":"https:\/\/irankiuzona.lt\/ru\/product\/tarpines-zalios-270vnt\/","title":{"rendered":"Tarpin\u0117s \u017ealios 270vnt"},"content":{"rendered":"<p>Alyvai atspari\u0173 sandarikli\u0173 \/ O-ring \u017eied\u0173 rinkinys<\/p>","protected":false},"excerpt":{"rendered":"<p>\u017dali\u0173 tarpini\u0173 komplektas<\/p>","protected":false},"featured_media":372665,"comment_status":"open","ping_status":"open","template":"","meta":[],"product_cat":[9438],"product_tag":[10104],"class_list":{"0":"post-372663","1":"product","2":"type-product","3":"status-publish","4":"has-post-thumbnail","6":"product_brand-kraftdele","7":"product_cat-tarpines-savarzos-smeiges-kaisciai-ir-kiti-rinkiniai","8":"product_tag-kraftdele","10":"first","11":"outofstock","12":"purchasable","13":"product-type-simple"},"jetpack_sharing_enabled":true,"_links":{"self":[{"href":"https:\/\/irankiuzona.lt\/ru\/wp-json\/wp\/v2\/product\/372663","targetHints":{"allow":["GET"]}}],"collection":[{"href":"https:\/\/irankiuzona.lt\/ru\/wp-json\/wp\/v2\/product"}],"about":[{"href":"https:\/\/irankiuzona.lt\/ru\/wp-json\/wp\/v2\/types\/product"}],"replies":[{"embeddable":true,"href":"https:\/\/irankiuzona.lt\/ru\/wp-json\/wp\/v2\/comments?post=372663"}],"version-history":[{"count":1,"href":"https:\/\/irankiuzona.lt\/ru\/wp-json\/wp\/v2\/product\/372663\/revisions"}],"predecessor-version":[{"id":425796,"href":"https:\/\/irankiuzona.lt\/ru\/wp-json\/wp\/v2\/product\/372663\/revisions\/425796"}],"wp:featuredmedia":[{"embeddable":true,"href":"https:\/\/irankiuzona.lt\/ru\/wp-json\/wp\/v2\/media\/372665"}],"wp:attachment":[{"href":"https:\/\/irankiuzona.lt\/ru\/wp-json\/wp\/v2\/media?parent=372663"}],"wp:term":[{"taxonomy":"product_cat","embeddable":true,"href":"https:\/\/irankiuzona.lt\/ru\/wp-json\/wp\/v2\/product_cat?post=372663"},{"taxonomy":"product_tag","embeddable":true,"href":"https:\/\/irankiuzona.lt\/ru\/wp-json\/wp\/v2\/product_tag?post=372663"}],"curies":[{"name":"wp","href":"https:\/\/api.w.org\/{rel}","templated":true}]}}