{"id":372669,"date":"2024-12-05T16:00:39","date_gmt":"2024-12-05T16:00:39","guid":{"rendered":"https:\/\/irankiuzona.lt\/product\/kugine-freza-akmeniuigranitui-ir-pns-m14-2-35mm\/"},"modified":"2026-04-16T11:06:40","modified_gmt":"2026-04-16T11:06:40","slug":"kugine-freza-akmeniuigranitui-ir-pns-m14-2-35mm","status":"publish","type":"product","link":"https:\/\/irankiuzona.lt\/ru\/product\/kugine-freza-akmeniuigranitui-ir-pns-m14-2-35mm\/","title":{"rendered":"K\u016bgin\u0117 freza akmeniui,granitui ir pn\u0161. M14 2-35mm"},"content":{"rendered":"<p>K\u016bgin\u0117 freza 2-35mm diametroTvirtinimas: M14 sriegisTinka: akmens, granito, marmumo, keramikos dirbiniams apdirbti<\/p>","protected":false},"excerpt":{"rendered":"<p>KD10875 k\u016bgin\u0117 freza M14 (2-35mm) akmens, granito, marmuro, keramikos apdirbimui<\/p>","protected":false},"featured_media":372671,"comment_status":"open","ping_status":"open","template":"","meta":[],"product_cat":[10025],"product_tag":[10104],"class_list":{"0":"post-372669","1":"product","2":"type-product","3":"status-publish","4":"has-post-thumbnail","6":"product_brand-kraftdele","7":"product_cat-graztai-granitui","8":"product_tag-kraftdele","10":"first","11":"instock","12":"purchasable","13":"product-type-simple"},"jetpack_sharing_enabled":true,"_links":{"self":[{"href":"https:\/\/irankiuzona.lt\/ru\/wp-json\/wp\/v2\/product\/372669","targetHints":{"allow":["GET"]}}],"collection":[{"href":"https:\/\/irankiuzona.lt\/ru\/wp-json\/wp\/v2\/product"}],"about":[{"href":"https:\/\/irankiuzona.lt\/ru\/wp-json\/wp\/v2\/types\/product"}],"replies":[{"embeddable":true,"href":"https:\/\/irankiuzona.lt\/ru\/wp-json\/wp\/v2\/comments?post=372669"}],"version-history":[{"count":1,"href":"https:\/\/irankiuzona.lt\/ru\/wp-json\/wp\/v2\/product\/372669\/revisions"}],"predecessor-version":[{"id":425798,"href":"https:\/\/irankiuzona.lt\/ru\/wp-json\/wp\/v2\/product\/372669\/revisions\/425798"}],"wp:featuredmedia":[{"embeddable":true,"href":"https:\/\/irankiuzona.lt\/ru\/wp-json\/wp\/v2\/media\/372671"}],"wp:attachment":[{"href":"https:\/\/irankiuzona.lt\/ru\/wp-json\/wp\/v2\/media?parent=372669"}],"wp:term":[{"taxonomy":"product_cat","embeddable":true,"href":"https:\/\/irankiuzona.lt\/ru\/wp-json\/wp\/v2\/product_cat?post=372669"},{"taxonomy":"product_tag","embeddable":true,"href":"https:\/\/irankiuzona.lt\/ru\/wp-json\/wp\/v2\/product_tag?post=372669"}],"curies":[{"name":"wp","href":"https:\/\/api.w.org\/{rel}","templated":true}]}}