{"id":372672,"date":"2024-12-05T16:00:40","date_gmt":"2024-12-05T16:00:40","guid":{"rendered":"https:\/\/irankiuzona.lt\/product\/plastiko-suvirinimo-aparatas-100w-su-kabemis\/"},"modified":"2026-04-14T18:54:59","modified_gmt":"2026-04-14T18:54:59","slug":"plastiko-suvirinimo-aparatas-100w-su-kabemis","status":"publish","type":"product","link":"https:\/\/irankiuzona.lt\/ru\/product\/plastiko-suvirinimo-aparatas-100w-su-kabemis\/","title":{"rendered":"Plastiko suvirinimo aparatas 100W su kab\u0117mis"},"content":{"rendered":"<p>Galia: 100WMaitinimas: 230V \/ 50HzSvoris: 0,7kgKomplekte: 200vnt. kabi\u0173 (4 r\u016b\u0161i\u0173 po 50vnt.)<\/p>","protected":false},"excerpt":{"rendered":"<p>Plastiko remonto suvirinimo aparatas 100W su \u012fleid\u017eiamomis kab\u0117mis<\/p>","protected":false},"featured_media":372674,"comment_status":"open","ping_status":"open","template":"","meta":[],"product_cat":[9878],"product_tag":[10104],"class_list":{"0":"post-372672","1":"product","2":"type-product","3":"status-publish","4":"has-post-thumbnail","6":"product_brand-kraftdele","7":"product_cat-plastmases-litavimas","8":"product_tag-kraftdele","10":"first","11":"instock","12":"purchasable","13":"product-type-simple"},"jetpack_sharing_enabled":true,"_links":{"self":[{"href":"https:\/\/irankiuzona.lt\/ru\/wp-json\/wp\/v2\/product\/372672","targetHints":{"allow":["GET"]}}],"collection":[{"href":"https:\/\/irankiuzona.lt\/ru\/wp-json\/wp\/v2\/product"}],"about":[{"href":"https:\/\/irankiuzona.lt\/ru\/wp-json\/wp\/v2\/types\/product"}],"replies":[{"embeddable":true,"href":"https:\/\/irankiuzona.lt\/ru\/wp-json\/wp\/v2\/comments?post=372672"}],"version-history":[{"count":1,"href":"https:\/\/irankiuzona.lt\/ru\/wp-json\/wp\/v2\/product\/372672\/revisions"}],"predecessor-version":[{"id":425799,"href":"https:\/\/irankiuzona.lt\/ru\/wp-json\/wp\/v2\/product\/372672\/revisions\/425799"}],"wp:featuredmedia":[{"embeddable":true,"href":"https:\/\/irankiuzona.lt\/ru\/wp-json\/wp\/v2\/media\/372674"}],"wp:attachment":[{"href":"https:\/\/irankiuzona.lt\/ru\/wp-json\/wp\/v2\/media?parent=372672"}],"wp:term":[{"taxonomy":"product_cat","embeddable":true,"href":"https:\/\/irankiuzona.lt\/ru\/wp-json\/wp\/v2\/product_cat?post=372672"},{"taxonomy":"product_tag","embeddable":true,"href":"https:\/\/irankiuzona.lt\/ru\/wp-json\/wp\/v2\/product_tag?post=372672"}],"curies":[{"name":"wp","href":"https:\/\/api.w.org\/{rel}","templated":true}]}}