{"id":372675,"date":"2024-12-05T16:00:44","date_gmt":"2024-12-05T16:00:44","guid":{"rendered":"https:\/\/irankiuzona.lt\/product\/irankiu-vezimelis-6-stalciu-su-sonine-spinta-263-irankiai\/"},"modified":"2026-04-20T16:26:48","modified_gmt":"2026-04-20T16:26:48","slug":"irankiu-vezimelis-6-stalciu-su-sonine-spinta-263-irankiai","status":"publish","type":"product","link":"https:\/\/irankiuzona.lt\/ru\/product\/irankiu-vezimelis-6-stalciu-su-sonine-spinta-263-irankiai\/","title":{"rendered":"\u012eranki\u0173 ve\u017eim\u0117lis 6 stal\u010di\u0173 su \u0161onine spinta + 263 \u012frankiai"},"content":{"rendered":"<p>I\u0161matavimai: 85 x 47 x 97 cmSvoris: 62 kgStal\u010diai: 6 stal\u010diai (4 komplektuojami su \u012frankiais) \/ 4 siauresni, 2 auk\u0161tesni stal\u010diai<\/p>\n<p>D\u0116MESIO! \u0160IAI PREKEI TAIKOMAS PRISTATYMO MOKESTIS.<\/p>","protected":false},"excerpt":{"rendered":"<p>KD362 \u012eranki\u0173 ve\u017eim\u0117lis 6 stal\u010di\u0173 su \u0161onine spinta, komplektuojamas su 263 \u012frankiai (4 pilni stal\u010diai)<\/p>","protected":false},"featured_media":372677,"comment_status":"open","ping_status":"closed","template":"","meta":[],"product_cat":[9943],"product_tag":[10104],"class_list":{"0":"post-372675","1":"product","2":"type-product","3":"status-publish","4":"has-post-thumbnail","6":"product_brand-kraftdele","7":"product_cat-vezimeliai-irankiu-spintos","8":"product_tag-kraftdele","10":"first","11":"outofstock","12":"purchasable","13":"product-type-simple"},"jetpack_sharing_enabled":true,"_links":{"self":[{"href":"https:\/\/irankiuzona.lt\/ru\/wp-json\/wp\/v2\/product\/372675","targetHints":{"allow":["GET"]}}],"collection":[{"href":"https:\/\/irankiuzona.lt\/ru\/wp-json\/wp\/v2\/product"}],"about":[{"href":"https:\/\/irankiuzona.lt\/ru\/wp-json\/wp\/v2\/types\/product"}],"replies":[{"embeddable":true,"href":"https:\/\/irankiuzona.lt\/ru\/wp-json\/wp\/v2\/comments?post=372675"}],"version-history":[{"count":3,"href":"https:\/\/irankiuzona.lt\/ru\/wp-json\/wp\/v2\/product\/372675\/revisions"}],"predecessor-version":[{"id":429120,"href":"https:\/\/irankiuzona.lt\/ru\/wp-json\/wp\/v2\/product\/372675\/revisions\/429120"}],"wp:featuredmedia":[{"embeddable":true,"href":"https:\/\/irankiuzona.lt\/ru\/wp-json\/wp\/v2\/media\/372677"}],"wp:attachment":[{"href":"https:\/\/irankiuzona.lt\/ru\/wp-json\/wp\/v2\/media?parent=372675"}],"wp:term":[{"taxonomy":"product_cat","embeddable":true,"href":"https:\/\/irankiuzona.lt\/ru\/wp-json\/wp\/v2\/product_cat?post=372675"},{"taxonomy":"product_tag","embeddable":true,"href":"https:\/\/irankiuzona.lt\/ru\/wp-json\/wp\/v2\/product_tag?post=372675"}],"curies":[{"name":"wp","href":"https:\/\/api.w.org\/{rel}","templated":true}]}}