{"id":372678,"date":"2024-12-05T16:00:45","date_gmt":"2024-12-05T16:00:45","guid":{"rendered":"https:\/\/irankiuzona.lt\/product\/kaltu-komplektas-medziui-12-daliu\/"},"modified":"2026-04-20T16:26:49","modified_gmt":"2026-04-20T16:26:49","slug":"kaltu-komplektas-medziui-12-daliu","status":"publish","type":"product","link":"https:\/\/irankiuzona.lt\/ru\/product\/kaltu-komplektas-medziui-12-daliu\/","title":{"rendered":"Kalt\u0173 komplektas med\u017eiui 12 dali\u0173"},"content":{"rendered":"<p>\u012evairi\u0173 form\u0173 med\u017eio kalt\u0173 komplektas, su 12 skirting\u0173 form\u0173 kalt\u0173, medin\u0117je d\u0117\u017eut\u0117je<\/p>","protected":false},"excerpt":{"rendered":"<p>KD11775 Kalteliai med\u017eiui *12vnt, kaltai med\u017eio darbams<\/p>","protected":false},"featured_media":372680,"comment_status":"open","ping_status":"closed","template":"","meta":[],"product_cat":[9674],"product_tag":[10104],"class_list":{"0":"post-372678","1":"product","2":"type-product","3":"status-publish","4":"has-post-thumbnail","6":"product_brand-kraftdele","7":"product_cat-kaltai-medziui","8":"product_tag-kraftdele","10":"first","11":"instock","12":"purchasable","13":"product-type-simple"},"jetpack_sharing_enabled":true,"_links":{"self":[{"href":"https:\/\/irankiuzona.lt\/ru\/wp-json\/wp\/v2\/product\/372678","targetHints":{"allow":["GET"]}}],"collection":[{"href":"https:\/\/irankiuzona.lt\/ru\/wp-json\/wp\/v2\/product"}],"about":[{"href":"https:\/\/irankiuzona.lt\/ru\/wp-json\/wp\/v2\/types\/product"}],"replies":[{"embeddable":true,"href":"https:\/\/irankiuzona.lt\/ru\/wp-json\/wp\/v2\/comments?post=372678"}],"version-history":[{"count":1,"href":"https:\/\/irankiuzona.lt\/ru\/wp-json\/wp\/v2\/product\/372678\/revisions"}],"predecessor-version":[{"id":425801,"href":"https:\/\/irankiuzona.lt\/ru\/wp-json\/wp\/v2\/product\/372678\/revisions\/425801"}],"wp:featuredmedia":[{"embeddable":true,"href":"https:\/\/irankiuzona.lt\/ru\/wp-json\/wp\/v2\/media\/372680"}],"wp:attachment":[{"href":"https:\/\/irankiuzona.lt\/ru\/wp-json\/wp\/v2\/media?parent=372678"}],"wp:term":[{"taxonomy":"product_cat","embeddable":true,"href":"https:\/\/irankiuzona.lt\/ru\/wp-json\/wp\/v2\/product_cat?post=372678"},{"taxonomy":"product_tag","embeddable":true,"href":"https:\/\/irankiuzona.lt\/ru\/wp-json\/wp\/v2\/product_tag?post=372678"}],"curies":[{"name":"wp","href":"https:\/\/api.w.org\/{rel}","templated":true}]}}