{"id":372681,"date":"2024-12-05T16:00:48","date_gmt":"2024-12-05T16:00:48","guid":{"rendered":"https:\/\/irankiuzona.lt\/product\/spyruokliu-komplektas-200vnt\/"},"modified":"2026-04-20T18:27:56","modified_gmt":"2026-04-20T18:27:56","slug":"spyruokliu-komplektas-200vnt","status":"publish","type":"product","link":"https:\/\/irankiuzona.lt\/ru\/product\/spyruokliu-komplektas-200vnt\/","title":{"rendered":"Spyruokli\u0173 komplektas 200vnt."},"content":{"rendered":"","protected":false},"excerpt":{"rendered":"<p>\u012evairios \u012ftempimo ir i\u0161tempimo spyruokl\u0117s 200vnt.<\/p>","protected":false},"featured_media":372683,"comment_status":"open","ping_status":"open","template":"","meta":[],"product_cat":[9438],"product_tag":[10104],"class_list":{"0":"post-372681","1":"product","2":"type-product","3":"status-publish","4":"has-post-thumbnail","6":"product_brand-kraftdele","7":"product_cat-tarpines-savarzos-smeiges-kaisciai-ir-kiti-rinkiniai","8":"product_tag-kraftdele","10":"first","11":"instock","12":"purchasable","13":"product-type-simple"},"jetpack_sharing_enabled":true,"_links":{"self":[{"href":"https:\/\/irankiuzona.lt\/ru\/wp-json\/wp\/v2\/product\/372681","targetHints":{"allow":["GET"]}}],"collection":[{"href":"https:\/\/irankiuzona.lt\/ru\/wp-json\/wp\/v2\/product"}],"about":[{"href":"https:\/\/irankiuzona.lt\/ru\/wp-json\/wp\/v2\/types\/product"}],"replies":[{"embeddable":true,"href":"https:\/\/irankiuzona.lt\/ru\/wp-json\/wp\/v2\/comments?post=372681"}],"version-history":[{"count":1,"href":"https:\/\/irankiuzona.lt\/ru\/wp-json\/wp\/v2\/product\/372681\/revisions"}],"predecessor-version":[{"id":425802,"href":"https:\/\/irankiuzona.lt\/ru\/wp-json\/wp\/v2\/product\/372681\/revisions\/425802"}],"wp:featuredmedia":[{"embeddable":true,"href":"https:\/\/irankiuzona.lt\/ru\/wp-json\/wp\/v2\/media\/372683"}],"wp:attachment":[{"href":"https:\/\/irankiuzona.lt\/ru\/wp-json\/wp\/v2\/media?parent=372681"}],"wp:term":[{"taxonomy":"product_cat","embeddable":true,"href":"https:\/\/irankiuzona.lt\/ru\/wp-json\/wp\/v2\/product_cat?post=372681"},{"taxonomy":"product_tag","embeddable":true,"href":"https:\/\/irankiuzona.lt\/ru\/wp-json\/wp\/v2\/product_tag?post=372681"}],"curies":[{"name":"wp","href":"https:\/\/api.w.org\/{rel}","templated":true}]}}