{"id":372702,"date":"2024-12-05T16:01:01","date_gmt":"2024-12-05T16:01:01","guid":{"rendered":"https:\/\/irankiuzona.lt\/product\/plastiko-suvirinimo-kabes-ivairios-800vnt\/"},"modified":"2026-04-12T23:21:22","modified_gmt":"2026-04-12T23:21:22","slug":"plastiko-suvirinimo-kabes-ivairios-800vnt","status":"publish","type":"product","link":"https:\/\/irankiuzona.lt\/ru\/product\/plastiko-suvirinimo-kabes-ivairios-800vnt\/","title":{"rendered":"Plastiko suvirinimo kab\u0117s \u012fvairios 800vnt."},"content":{"rendered":"<p>Tipas: RS16, RS18 , RS26 , RS28 , RS38 , RS46Storis: 0,6mm ir 0,8mmKiekis: 800vnt. (po 100vnt. kiekvien\u0173)<\/p>","protected":false},"excerpt":{"rendered":"<p>KD10765 Plastiko remonto, suvirinimo \u012fleid\u017eiamos kab\u0117s 0,6mm ir 0,8mm \u012fvairi\u0173 form\u0173 ir r\u016b\u0161i\u0173 po 100vnt. Komplekte 800vnt.<\/p>","protected":false},"featured_media":372704,"comment_status":"open","ping_status":"open","template":"","meta":[],"product_cat":[9878],"product_tag":[10104],"class_list":{"0":"post-372702","1":"product","2":"type-product","3":"status-publish","4":"has-post-thumbnail","6":"product_brand-kraftdele","7":"product_cat-plastmases-litavimas","8":"product_tag-kraftdele","10":"first","11":"instock","12":"purchasable","13":"product-type-simple"},"jetpack_sharing_enabled":true,"_links":{"self":[{"href":"https:\/\/irankiuzona.lt\/ru\/wp-json\/wp\/v2\/product\/372702","targetHints":{"allow":["GET"]}}],"collection":[{"href":"https:\/\/irankiuzona.lt\/ru\/wp-json\/wp\/v2\/product"}],"about":[{"href":"https:\/\/irankiuzona.lt\/ru\/wp-json\/wp\/v2\/types\/product"}],"replies":[{"embeddable":true,"href":"https:\/\/irankiuzona.lt\/ru\/wp-json\/wp\/v2\/comments?post=372702"}],"version-history":[{"count":1,"href":"https:\/\/irankiuzona.lt\/ru\/wp-json\/wp\/v2\/product\/372702\/revisions"}],"predecessor-version":[{"id":425809,"href":"https:\/\/irankiuzona.lt\/ru\/wp-json\/wp\/v2\/product\/372702\/revisions\/425809"}],"wp:featuredmedia":[{"embeddable":true,"href":"https:\/\/irankiuzona.lt\/ru\/wp-json\/wp\/v2\/media\/372704"}],"wp:attachment":[{"href":"https:\/\/irankiuzona.lt\/ru\/wp-json\/wp\/v2\/media?parent=372702"}],"wp:term":[{"taxonomy":"product_cat","embeddable":true,"href":"https:\/\/irankiuzona.lt\/ru\/wp-json\/wp\/v2\/product_cat?post=372702"},{"taxonomy":"product_tag","embeddable":true,"href":"https:\/\/irankiuzona.lt\/ru\/wp-json\/wp\/v2\/product_tag?post=372702"}],"curies":[{"name":"wp","href":"https:\/\/api.w.org\/{rel}","templated":true}]}}