{"id":372708,"date":"2024-12-05T16:01:07","date_gmt":"2024-12-05T16:01:07","guid":{"rendered":"https:\/\/irankiuzona.lt\/product\/rankinis-techniniu-skysciu-issiurbimo-bakas-9l-3\/"},"modified":"2026-04-14T22:39:33","modified_gmt":"2026-04-14T22:39:33","slug":"rankinis-techniniu-skysciu-issiurbimo-bakas-9l-3","status":"publish","type":"product","link":"https:\/\/irankiuzona.lt\/ru\/product\/rankinis-techniniu-skysciu-issiurbimo-bakas-9l-3\/","title":{"rendered":"Rankinis technini\u0173 skys\u010di\u0173 i\u0161siurbimo bakas 9L"},"content":{"rendered":"<p>Talpa: 9 litraiKomplekte: (skirting\u0173 diametr\u0173) 3 plastikiniai i\u0161traukimo vamzdeliai, 1 metalinis<\/p>","protected":false},"excerpt":{"rendered":"<p>KD1199 Rankinis technini\u0173 skys\u010di\u0173 i\u0161siurbimo bakas 9L<\/p>","protected":false},"featured_media":372710,"comment_status":"open","ping_status":"open","template":"","meta":[],"product_cat":[10031],"product_tag":[10104],"class_list":{"0":"post-372708","1":"product","2":"type-product","3":"status-publish","4":"has-post-thumbnail","6":"product_brand-kraftdele","7":"product_cat-tepalo-uzpildymo-surinkimo-iranga-talpos-tepalams","8":"product_tag-kraftdele","10":"first","11":"outofstock","12":"purchasable","13":"product-type-simple"},"jetpack_sharing_enabled":true,"_links":{"self":[{"href":"https:\/\/irankiuzona.lt\/ru\/wp-json\/wp\/v2\/product\/372708","targetHints":{"allow":["GET"]}}],"collection":[{"href":"https:\/\/irankiuzona.lt\/ru\/wp-json\/wp\/v2\/product"}],"about":[{"href":"https:\/\/irankiuzona.lt\/ru\/wp-json\/wp\/v2\/types\/product"}],"replies":[{"embeddable":true,"href":"https:\/\/irankiuzona.lt\/ru\/wp-json\/wp\/v2\/comments?post=372708"}],"version-history":[{"count":1,"href":"https:\/\/irankiuzona.lt\/ru\/wp-json\/wp\/v2\/product\/372708\/revisions"}],"predecessor-version":[{"id":425811,"href":"https:\/\/irankiuzona.lt\/ru\/wp-json\/wp\/v2\/product\/372708\/revisions\/425811"}],"wp:featuredmedia":[{"embeddable":true,"href":"https:\/\/irankiuzona.lt\/ru\/wp-json\/wp\/v2\/media\/372710"}],"wp:attachment":[{"href":"https:\/\/irankiuzona.lt\/ru\/wp-json\/wp\/v2\/media?parent=372708"}],"wp:term":[{"taxonomy":"product_cat","embeddable":true,"href":"https:\/\/irankiuzona.lt\/ru\/wp-json\/wp\/v2\/product_cat?post=372708"},{"taxonomy":"product_tag","embeddable":true,"href":"https:\/\/irankiuzona.lt\/ru\/wp-json\/wp\/v2\/product_tag?post=372708"}],"curies":[{"name":"wp","href":"https:\/\/api.w.org\/{rel}","templated":true}]}}