{"id":372711,"date":"2024-12-05T16:01:08","date_gmt":"2024-12-05T16:01:08","guid":{"rendered":"https:\/\/irankiuzona.lt\/product\/rutuliniu-jungciu-traukiu-nuemejas-19mm-30-56mm\/"},"modified":"2026-04-14T22:39:33","modified_gmt":"2026-04-14T22:39:33","slug":"rutuliniu-jungciu-traukiu-nuemejas-19mm-30-56mm","status":"publish","type":"product","link":"https:\/\/irankiuzona.lt\/ru\/product\/rutuliniu-jungciu-traukiu-nuemejas-19mm-30-56mm\/","title":{"rendered":"Rutulini\u0173 jung\u010di\u0173, trauki\u0173 nu\u0117m\u0117jas 19mm \/ 30-56mm"},"content":{"rendered":"<p>Diametras: 19 mmDiapazonas: 30-56 mmSvoris: 0,9 kg<\/p>","protected":false},"excerpt":{"rendered":"<p>KD1112 vairo trauki\u0173 nu\u0117mimo \u012frankis 19mm \/ diapazonas 30-56mm<\/p>","protected":false},"featured_media":372713,"comment_status":"open","ping_status":"open","template":"","meta":[],"product_cat":[9528],"product_tag":[10104],"class_list":{"0":"post-372711","1":"product","2":"type-product","3":"status-publish","4":"has-post-thumbnail","6":"product_brand-kraftdele","7":"product_cat-vairo-traukiu-irankiai","8":"product_tag-kraftdele","10":"first","11":"instock","12":"purchasable","13":"product-type-simple"},"jetpack_sharing_enabled":true,"_links":{"self":[{"href":"https:\/\/irankiuzona.lt\/ru\/wp-json\/wp\/v2\/product\/372711","targetHints":{"allow":["GET"]}}],"collection":[{"href":"https:\/\/irankiuzona.lt\/ru\/wp-json\/wp\/v2\/product"}],"about":[{"href":"https:\/\/irankiuzona.lt\/ru\/wp-json\/wp\/v2\/types\/product"}],"replies":[{"embeddable":true,"href":"https:\/\/irankiuzona.lt\/ru\/wp-json\/wp\/v2\/comments?post=372711"}],"version-history":[{"count":1,"href":"https:\/\/irankiuzona.lt\/ru\/wp-json\/wp\/v2\/product\/372711\/revisions"}],"predecessor-version":[{"id":425812,"href":"https:\/\/irankiuzona.lt\/ru\/wp-json\/wp\/v2\/product\/372711\/revisions\/425812"}],"wp:featuredmedia":[{"embeddable":true,"href":"https:\/\/irankiuzona.lt\/ru\/wp-json\/wp\/v2\/media\/372713"}],"wp:attachment":[{"href":"https:\/\/irankiuzona.lt\/ru\/wp-json\/wp\/v2\/media?parent=372711"}],"wp:term":[{"taxonomy":"product_cat","embeddable":true,"href":"https:\/\/irankiuzona.lt\/ru\/wp-json\/wp\/v2\/product_cat?post=372711"},{"taxonomy":"product_tag","embeddable":true,"href":"https:\/\/irankiuzona.lt\/ru\/wp-json\/wp\/v2\/product_tag?post=372711"}],"curies":[{"name":"wp","href":"https:\/\/api.w.org\/{rel}","templated":true}]}}